{"id":95,"date":"2014-06-04T17:57:47","date_gmt":"2014-06-04T15:57:47","guid":{"rendered":"http:\/\/ilsez-art.de\/?page_id=95"},"modified":"2024-08-22T00:14:48","modified_gmt":"2024-08-21T22:14:48","slug":"weitere-techniken","status":"publish","type":"page","link":"https:\/\/ilsez-art.de\/?page_id=95","title":{"rendered":"weitere Techniken"},"content":{"rendered":"<p>Ob es die Eiszeitmenschen waren mit ihrer H\u00f6hlenmalerei oder in der Antike die Wandmalerei, ob die Tafelmalerei des Mittelalters oder die \u00d6lmalerei der Renaissance \u2013 sie alle malten mit verschiedenen Techniken und mit unterschiedlichen Materialien. Die Weiterentwicklung der Farben und des Zubeh\u00f6rs ergab eine Vielzahl an Kunstwerken mit den verschiedensten M\u00f6glichkeiten Motiven gestalterisch umzusetzen. So gibt es dauernd neue Ideen etwas Neues auszuprobieren.<\/p>\n<p>Hier m\u00f6chte ich zeigen, dass ich nicht nur auf Papier oder Leinwand male. Auch W\u00e4nde, Alltagsgegenst\u00e4nde oder einfach ein St\u00fcck Holz kann als Malgrund herhalten. Dadurch entstehen auch mal kleine Geschenke f\u00fcr Geburtstag, Weihnachten, Ostern oder, oder, oder&#8230;&#8230;..<\/p>\n<p>Wenn Ihnen davon was gef\u00e4llt, dann melden Sie sich und ich hoffe, dass ich es noch habe. Es sind alles Unikate. <!-- index.php -->\n<div\n\tclass=\"ngg-galleryoverview\n\t ngg-ajax-pagination-none\t\"\n\tid=\"ngg-gallery-38f16c056ec1259715e1a96b4ca6e5d5-1\">\n\n\t\t<div class=\"slideshowlink\">\n\t\t<a href='https:\/\/ilsez-art.de\/index.php\/nggallery\/slideshow?page_id=95'>[Zeige eine Slideshow]<\/a>\n\n\t<\/div>\n\t\t\t<!-- Thumbnails -->\n\t\t\t\t<div id=\"ngg-image-0\" class=\"ngg-gallery-thumbnail-box\"\n\t\t\t\t\t\t\t\t\t\t\t>\n\t\t\t\t\t\t<div class=\"ngg-gallery-thumbnail\">\n\t\t\t<a href=\"https:\/\/ilsez-art.de\/wp-content\/gallery\/techniken\/20240525_123727-a.jpg\"\n\t\t\t\ttitle=\"Stein bemalt ca. 10 cm\"\n\t\t\t\tdata-src=\"https:\/\/ilsez-art.de\/wp-content\/gallery\/techniken\/20240525_123727-a.jpg\"\n\t\t\t\tdata-thumbnail=\"https:\/\/ilsez-art.de\/wp-content\/gallery\/techniken\/thumbs\/thumbs_20240525_123727-a.jpg\"\n\t\t\t\tdata-image-id=\"526\"\n\t\t\t\tdata-title=\"Stein mit Acryl bemalt\"\n\t\t\t\tdata-description=\"Stein bemalt ca. 10 cm\"\n\t\t\t\tdata-image-slug=\"20240525_123727-a\"\n\t\t\t\tclass=\"ngg-fancybox\" rel=\"38f16c056ec1259715e1a96b4ca6e5d5\">\n\t\t\t\t<img\n\t\t\t\t\ttitle=\"Stein mit Acryl bemalt\"\n\t\t\t\t\talt=\"Stein mit Acryl bemalt\"\n\t\t\t\t\tsrc=\"https:\/\/ilsez-art.de\/wp-content\/gallery\/techniken\/thumbs\/thumbs_20240525_123727-a.jpg\"\n\t\t\t\t\twidth=\"120\"\n\t\t\t\t\theight=\"90\"\n\t\t\t\t\tstyle=\"max-width:100%;\"\n\t\t\t\t\/>\n\t\t\t<\/a>\n\t\t<\/div>\n\t\t\t\t\t\t\t<\/div>\n\t\t\t\n\t\t\n\t\t\t\t<div id=\"ngg-image-1\" class=\"ngg-gallery-thumbnail-box\"\n\t\t\t\t\t\t\t\t\t\t\t>\n\t\t\t\t\t\t<div class=\"ngg-gallery-thumbnail\">\n\t\t\t<a href=\"https:\/\/ilsez-art.de\/wp-content\/gallery\/techniken\/20240523_130143.jpg\"\n\t\t\t\ttitle=\"Windlicht aus Beton\"\n\t\t\t\tdata-src=\"https:\/\/ilsez-art.de\/wp-content\/gallery\/techniken\/20240523_130143.jpg\"\n\t\t\t\tdata-thumbnail=\"https:\/\/ilsez-art.de\/wp-content\/gallery\/techniken\/thumbs\/thumbs_20240523_130143.jpg\"\n\t\t\t\tdata-image-id=\"530\"\n\t\t\t\tdata-title=\"Windlicht aus Beton\"\n\t\t\t\tdata-description=\"Windlicht aus Beton\"\n\t\t\t\tdata-image-slug=\"20240523_130143\"\n\t\t\t\tclass=\"ngg-fancybox\" rel=\"38f16c056ec1259715e1a96b4ca6e5d5\">\n\t\t\t\t<img\n\t\t\t\t\ttitle=\"Windlicht aus Beton\"\n\t\t\t\t\talt=\"Windlicht aus Beton\"\n\t\t\t\t\tsrc=\"https:\/\/ilsez-art.de\/wp-content\/gallery\/techniken\/thumbs\/thumbs_20240523_130143.jpg\"\n\t\t\t\t\twidth=\"120\"\n\t\t\t\t\theight=\"90\"\n\t\t\t\t\tstyle=\"max-width:100%;\"\n\t\t\t\t\/>\n\t\t\t<\/a>\n\t\t<\/div>\n\t\t\t\t\t\t\t<\/div>\n\t\t\t\n\t\t\n\t\t\t\t<div id=\"ngg-image-2\" class=\"ngg-gallery-thumbnail-box\"\n\t\t\t\t\t\t\t\t\t\t\t>\n\t\t\t\t\t\t<div class=\"ngg-gallery-thumbnail\">\n\t\t\t<a href=\"https:\/\/ilsez-art.de\/wp-content\/gallery\/techniken\/20240523_130135.jpg\"\n\t\t\t\ttitle=\"R\u00fcckseite vom Windlicht aus Beton\"\n\t\t\t\tdata-src=\"https:\/\/ilsez-art.de\/wp-content\/gallery\/techniken\/20240523_130135.jpg\"\n\t\t\t\tdata-thumbnail=\"https:\/\/ilsez-art.de\/wp-content\/gallery\/techniken\/thumbs\/thumbs_20240523_130135.jpg\"\n\t\t\t\tdata-image-id=\"531\"\n\t\t\t\tdata-title=\"20240523_130135\"\n\t\t\t\tdata-description=\"R\u00fcckseite vom Windlicht aus Beton\"\n\t\t\t\tdata-image-slug=\"20240523_130135\"\n\t\t\t\tclass=\"ngg-fancybox\" rel=\"38f16c056ec1259715e1a96b4ca6e5d5\">\n\t\t\t\t<img\n\t\t\t\t\ttitle=\"20240523_130135\"\n\t\t\t\t\talt=\"20240523_130135\"\n\t\t\t\t\tsrc=\"https:\/\/ilsez-art.de\/wp-content\/gallery\/techniken\/thumbs\/thumbs_20240523_130135.jpg\"\n\t\t\t\t\twidth=\"120\"\n\t\t\t\t\theight=\"90\"\n\t\t\t\t\tstyle=\"max-width:100%;\"\n\t\t\t\t\/>\n\t\t\t<\/a>\n\t\t<\/div>\n\t\t\t\t\t\t\t<\/div>\n\t\t\t\n\t\t\n\t\t\t\t<div id=\"ngg-image-3\" class=\"ngg-gallery-thumbnail-box\"\n\t\t\t\t\t\t\t\t\t\t\t>\n\t\t\t\t\t\t<div class=\"ngg-gallery-thumbnail\">\n\t\t\t<a href=\"https:\/\/ilsez-art.de\/wp-content\/gallery\/techniken\/20231117_011143.jpg\"\n\t\t\t\ttitle=\"Laminatbrett\"\n\t\t\t\tdata-src=\"https:\/\/ilsez-art.de\/wp-content\/gallery\/techniken\/20231117_011143.jpg\"\n\t\t\t\tdata-thumbnail=\"https:\/\/ilsez-art.de\/wp-content\/gallery\/techniken\/thumbs\/thumbs_20231117_011143.jpg\"\n\t\t\t\tdata-image-id=\"533\"\n\t\t\t\tdata-title=\"Laminatbrett\"\n\t\t\t\tdata-description=\"Laminatbrett\"\n\t\t\t\tdata-image-slug=\"20231117_011143\"\n\t\t\t\tclass=\"ngg-fancybox\" rel=\"38f16c056ec1259715e1a96b4ca6e5d5\">\n\t\t\t\t<img\n\t\t\t\t\ttitle=\"Laminatbrett\"\n\t\t\t\t\talt=\"Laminatbrett\"\n\t\t\t\t\tsrc=\"https:\/\/ilsez-art.de\/wp-content\/gallery\/techniken\/thumbs\/thumbs_20231117_011143.jpg\"\n\t\t\t\t\twidth=\"104\"\n\t\t\t\t\theight=\"90\"\n\t\t\t\t\tstyle=\"max-width:100%;\"\n\t\t\t\t\/>\n\t\t\t<\/a>\n\t\t<\/div>\n\t\t\t\t\t\t\t<\/div>\n\t\t\t\n\t\t\n\t\t\t\t<div id=\"ngg-image-4\" class=\"ngg-gallery-thumbnail-box\"\n\t\t\t\t\t\t\t\t\t\t\t>\n\t\t\t\t\t\t<div class=\"ngg-gallery-thumbnail\">\n\t\t\t<a href=\"https:\/\/ilsez-art.de\/wp-content\/gallery\/techniken\/20231112_144049.jpg\"\n\t\t\t\ttitle=\"Laminatbretter\"\n\t\t\t\tdata-src=\"https:\/\/ilsez-art.de\/wp-content\/gallery\/techniken\/20231112_144049.jpg\"\n\t\t\t\tdata-thumbnail=\"https:\/\/ilsez-art.de\/wp-content\/gallery\/techniken\/thumbs\/thumbs_20231112_144049.jpg\"\n\t\t\t\tdata-image-id=\"534\"\n\t\t\t\tdata-title=\"Schneem\u00e4nner auf Laminatbretter\"\n\t\t\t\tdata-description=\"Laminatbretter\"\n\t\t\t\tdata-image-slug=\"20231112_144049\"\n\t\t\t\tclass=\"ngg-fancybox\" rel=\"38f16c056ec1259715e1a96b4ca6e5d5\">\n\t\t\t\t<img\n\t\t\t\t\ttitle=\"Schneem\u00e4nner auf Laminatbretter\"\n\t\t\t\t\talt=\"Schneem\u00e4nner auf Laminatbretter\"\n\t\t\t\t\tsrc=\"https:\/\/ilsez-art.de\/wp-content\/gallery\/techniken\/thumbs\/thumbs_20231112_144049.jpg\"\n\t\t\t\t\twidth=\"120\"\n\t\t\t\t\theight=\"90\"\n\t\t\t\t\tstyle=\"max-width:100%;\"\n\t\t\t\t\/>\n\t\t\t<\/a>\n\t\t<\/div>\n\t\t\t\t\t\t\t<\/div>\n\t\t\t\n\t\t\n\t\t\t\t<div id=\"ngg-image-5\" class=\"ngg-gallery-thumbnail-box\"\n\t\t\t\t\t\t\t\t\t\t\t>\n\t\t\t\t\t\t<div class=\"ngg-gallery-thumbnail\">\n\t\t\t<a href=\"https:\/\/ilsez-art.de\/wp-content\/gallery\/techniken\/01Wandmalerei-Schwimmbad.JPG\"\n\t\t\t\ttitle=\"Wandgr\u00f6\u00dfe: 6x3 m, (Auftragsarbeit)\"\n\t\t\t\tdata-src=\"https:\/\/ilsez-art.de\/wp-content\/gallery\/techniken\/01Wandmalerei-Schwimmbad.JPG\"\n\t\t\t\tdata-thumbnail=\"https:\/\/ilsez-art.de\/wp-content\/gallery\/techniken\/thumbs\/thumbs_01Wandmalerei-Schwimmbad.JPG\"\n\t\t\t\tdata-image-id=\"260\"\n\t\t\t\tdata-title=\"06 Wandmalerei Schwimmbad\"\n\t\t\t\tdata-description=\"Wandgr\u00f6\u00dfe: 6x3 m, (Auftragsarbeit)\"\n\t\t\t\tdata-image-slug=\"01wandmalerei-schwimmbad\"\n\t\t\t\tclass=\"ngg-fancybox\" rel=\"38f16c056ec1259715e1a96b4ca6e5d5\">\n\t\t\t\t<img\n\t\t\t\t\ttitle=\"06 Wandmalerei Schwimmbad\"\n\t\t\t\t\talt=\"06 Wandmalerei Schwimmbad\"\n\t\t\t\t\tsrc=\"https:\/\/ilsez-art.de\/wp-content\/gallery\/techniken\/thumbs\/thumbs_01Wandmalerei-Schwimmbad.JPG\"\n\t\t\t\t\twidth=\"120\"\n\t\t\t\t\theight=\"90\"\n\t\t\t\t\tstyle=\"max-width:100%;\"\n\t\t\t\t\/>\n\t\t\t<\/a>\n\t\t<\/div>\n\t\t\t\t\t\t\t<\/div>\n\t\t\t\n\t\t\n\t\t\t\t<div id=\"ngg-image-6\" class=\"ngg-gallery-thumbnail-box\"\n\t\t\t\t\t\t\t\t\t\t\t>\n\t\t\t\t\t\t<div class=\"ngg-gallery-thumbnail\">\n\t\t\t<a href=\"https:\/\/ilsez-art.de\/wp-content\/gallery\/techniken\/05-Wachskreide-Strelizie02.JPG\"\n\t\t\t\ttitle=\"Strelizie2-wasserl\u00f6sliche Wachskreiden auf Aquarellpapier 300g\/m\u00b2; 40x30 cm\"\n\t\t\t\tdata-src=\"https:\/\/ilsez-art.de\/wp-content\/gallery\/techniken\/05-Wachskreide-Strelizie02.JPG\"\n\t\t\t\tdata-thumbnail=\"https:\/\/ilsez-art.de\/wp-content\/gallery\/techniken\/thumbs\/thumbs_05-Wachskreide-Strelizie02.JPG\"\n\t\t\t\tdata-image-id=\"263\"\n\t\t\t\tdata-title=\"05 Wachskreide Strelizie02\"\n\t\t\t\tdata-description=\"Strelizie2-wasserl\u00f6sliche Wachskreiden auf Aquarellpapier 300g\/m\u00b2; 40x30 cm\"\n\t\t\t\tdata-image-slug=\"05-wachskreide-strelizie02\"\n\t\t\t\tclass=\"ngg-fancybox\" rel=\"38f16c056ec1259715e1a96b4ca6e5d5\">\n\t\t\t\t<img\n\t\t\t\t\ttitle=\"05 Wachskreide Strelizie02\"\n\t\t\t\t\talt=\"05 Wachskreide Strelizie02\"\n\t\t\t\t\tsrc=\"https:\/\/ilsez-art.de\/wp-content\/gallery\/techniken\/thumbs\/thumbs_05-Wachskreide-Strelizie02.JPG\"\n\t\t\t\t\twidth=\"120\"\n\t\t\t\t\theight=\"90\"\n\t\t\t\t\tstyle=\"max-width:100%;\"\n\t\t\t\t\/>\n\t\t\t<\/a>\n\t\t<\/div>\n\t\t\t\t\t\t\t<\/div>\n\t\t\t\n\t\t\n\t\t\t\t<div id=\"ngg-image-7\" class=\"ngg-gallery-thumbnail-box\"\n\t\t\t\t\t\t\t\t\t\t\t>\n\t\t\t\t\t\t<div class=\"ngg-gallery-thumbnail\">\n\t\t\t<a href=\"https:\/\/ilsez-art.de\/wp-content\/gallery\/techniken\/04-Wachskreide-Strelizie01.JPG\"\n\t\t\t\ttitle=\"Strelizie - wasserl\u00f6sliche Wachskreiden auf Aquarellpapier 300g\/m\u00b2; 40x30 cm\"\n\t\t\t\tdata-src=\"https:\/\/ilsez-art.de\/wp-content\/gallery\/techniken\/04-Wachskreide-Strelizie01.JPG\"\n\t\t\t\tdata-thumbnail=\"https:\/\/ilsez-art.de\/wp-content\/gallery\/techniken\/thumbs\/thumbs_04-Wachskreide-Strelizie01.JPG\"\n\t\t\t\tdata-image-id=\"262\"\n\t\t\t\tdata-title=\"04 Wachskreide Strelizie01\"\n\t\t\t\tdata-description=\"Strelizie - wasserl\u00f6sliche Wachskreiden auf Aquarellpapier 300g\/m\u00b2; 40x30 cm\"\n\t\t\t\tdata-image-slug=\"04-wachskreide-strelizie01\"\n\t\t\t\tclass=\"ngg-fancybox\" rel=\"38f16c056ec1259715e1a96b4ca6e5d5\">\n\t\t\t\t<img\n\t\t\t\t\ttitle=\"04 Wachskreide Strelizie01\"\n\t\t\t\t\talt=\"04 Wachskreide Strelizie01\"\n\t\t\t\t\tsrc=\"https:\/\/ilsez-art.de\/wp-content\/gallery\/techniken\/thumbs\/thumbs_04-Wachskreide-Strelizie01.JPG\"\n\t\t\t\t\twidth=\"120\"\n\t\t\t\t\theight=\"90\"\n\t\t\t\t\tstyle=\"max-width:100%;\"\n\t\t\t\t\/>\n\t\t\t<\/a>\n\t\t<\/div>\n\t\t\t\t\t\t\t<\/div>\n\t\t\t\n\t\t\n\t\t\t\t<div id=\"ngg-image-8\" class=\"ngg-gallery-thumbnail-box\"\n\t\t\t\t\t\t\t\t\t\t\t>\n\t\t\t\t\t\t<div class=\"ngg-gallery-thumbnail\">\n\t\t\t<a href=\"https:\/\/ilsez-art.de\/wp-content\/gallery\/techniken\/03-Wachskreide-Kontraste.JPG\"\n\t\t\t\ttitle=\"Kontrast - wasserl\u00f6sliche Wachskreiden auf Aquarellpapier 300g\/m\u00b2; 30x20 cm\"\n\t\t\t\tdata-src=\"https:\/\/ilsez-art.de\/wp-content\/gallery\/techniken\/03-Wachskreide-Kontraste.JPG\"\n\t\t\t\tdata-thumbnail=\"https:\/\/ilsez-art.de\/wp-content\/gallery\/techniken\/thumbs\/thumbs_03-Wachskreide-Kontraste.JPG\"\n\t\t\t\tdata-image-id=\"261\"\n\t\t\t\tdata-title=\"03 Wachskreide Kontraste\"\n\t\t\t\tdata-description=\"Kontrast - wasserl\u00f6sliche Wachskreiden auf Aquarellpapier 300g\/m\u00b2; 30x20 cm\"\n\t\t\t\tdata-image-slug=\"03-wachskreide-kontraste\"\n\t\t\t\tclass=\"ngg-fancybox\" rel=\"38f16c056ec1259715e1a96b4ca6e5d5\">\n\t\t\t\t<img\n\t\t\t\t\ttitle=\"03 Wachskreide Kontraste\"\n\t\t\t\t\talt=\"03 Wachskreide Kontraste\"\n\t\t\t\t\tsrc=\"https:\/\/ilsez-art.de\/wp-content\/gallery\/techniken\/thumbs\/thumbs_03-Wachskreide-Kontraste.JPG\"\n\t\t\t\t\twidth=\"120\"\n\t\t\t\t\theight=\"90\"\n\t\t\t\t\tstyle=\"max-width:100%;\"\n\t\t\t\t\/>\n\t\t\t<\/a>\n\t\t<\/div>\n\t\t\t\t\t\t\t<\/div>\n\t\t\t\n\t\t\n\t\t\t\t<div id=\"ngg-image-9\" class=\"ngg-gallery-thumbnail-box\"\n\t\t\t\t\t\t\t\t\t\t\t>\n\t\t\t\t\t\t<div class=\"ngg-gallery-thumbnail\">\n\t\t\t<a href=\"https:\/\/ilsez-art.de\/wp-content\/gallery\/techniken\/Hahnenm%C3%BChle-Tulpen2.JPG\"\n\t\t\t\ttitle=\"Tulpen-wasserl\u00f6sliche Wachskreiden auf Aquarellpapier 300g\/m\u00b2; 36x48 cm\"\n\t\t\t\tdata-src=\"https:\/\/ilsez-art.de\/wp-content\/gallery\/techniken\/Hahnenm%C3%BChle-Tulpen2.JPG\"\n\t\t\t\tdata-thumbnail=\"https:\/\/ilsez-art.de\/wp-content\/gallery\/techniken\/thumbs\/thumbs_Hahnenm%C3%BChle-Tulpen2.JPG\"\n\t\t\t\tdata-image-id=\"297\"\n\t\t\t\tdata-title=\"02 Hahnenm\u00fchle-Tulpen2\"\n\t\t\t\tdata-description=\"Tulpen-wasserl\u00f6sliche Wachskreiden auf Aquarellpapier 300g\/m\u00b2; 36x48 cm\"\n\t\t\t\tdata-image-slug=\"hahnenm%c3%bchle-tulpen2-1\"\n\t\t\t\tclass=\"ngg-fancybox\" rel=\"38f16c056ec1259715e1a96b4ca6e5d5\">\n\t\t\t\t<img\n\t\t\t\t\ttitle=\"02 Hahnenm\u00fchle-Tulpen2\"\n\t\t\t\t\talt=\"02 Hahnenm\u00fchle-Tulpen2\"\n\t\t\t\t\tsrc=\"https:\/\/ilsez-art.de\/wp-content\/gallery\/techniken\/thumbs\/thumbs_Hahnenm%C3%BChle-Tulpen2.JPG\"\n\t\t\t\t\twidth=\"120\"\n\t\t\t\t\theight=\"90\"\n\t\t\t\t\tstyle=\"max-width:100%;\"\n\t\t\t\t\/>\n\t\t\t<\/a>\n\t\t<\/div>\n\t\t\t\t\t\t\t<\/div>\n\t\t\t\n\t\t\n\t\t\n\t\t<!-- Pagination -->\n\t\t<div class='ngg-clear'><\/div>\t<\/div>\n<\/p>\n\n\n<p><\/p>\n","protected":false},"excerpt":{"rendered":"<p>Ob es die Eiszeitmenschen waren mit ihrer H\u00f6hlenmalerei oder in der Antike die Wandmalerei, ob die Tafelmalerei des Mittelalters oder die \u00d6lmalerei der Renaissance \u2013 sie alle malten mit verschiedenen Techniken und mit unterschiedlichen Materialien. Die Weiterentwicklung der Farben und des Zubeh\u00f6rs ergab eine Vielzahl an Kunstwerken mit den verschiedensten M\u00f6glichkeiten Motiven gestalterisch umzusetzen. So &hellip; <a href=\"https:\/\/ilsez-art.de\/?page_id=95\" class=\"more-link\"><span class=\"screen-reader-text\">weitere Techniken<\/span> weiterlesen <span class=\"meta-nav\">&rarr;<\/span><\/a><\/p>\n","protected":false},"author":1,"featured_media":0,"parent":0,"menu_order":0,"comment_status":"open","ping_status":"closed","template":"","meta":{"ngg_post_thumbnail":0,"footnotes":""},"class_list":["post-95","page","type-page","status-publish","hentry"],"_links":{"self":[{"href":"https:\/\/ilsez-art.de\/index.php?rest_route=\/wp\/v2\/pages\/95","targetHints":{"allow":["GET"]}}],"collection":[{"href":"https:\/\/ilsez-art.de\/index.php?rest_route=\/wp\/v2\/pages"}],"about":[{"href":"https:\/\/ilsez-art.de\/index.php?rest_route=\/wp\/v2\/types\/page"}],"author":[{"embeddable":true,"href":"https:\/\/ilsez-art.de\/index.php?rest_route=\/wp\/v2\/users\/1"}],"replies":[{"embeddable":true,"href":"https:\/\/ilsez-art.de\/index.php?rest_route=%2Fwp%2Fv2%2Fcomments&post=95"}],"version-history":[{"count":10,"href":"https:\/\/ilsez-art.de\/index.php?rest_route=\/wp\/v2\/pages\/95\/revisions"}],"predecessor-version":[{"id":2207,"href":"https:\/\/ilsez-art.de\/index.php?rest_route=\/wp\/v2\/pages\/95\/revisions\/2207"}],"wp:attachment":[{"href":"https:\/\/ilsez-art.de\/index.php?rest_route=%2Fwp%2Fv2%2Fmedia&parent=95"}],"curies":[{"name":"wp","href":"https:\/\/api.w.org\/{rel}","templated":true}]}}