{"id":82,"date":"2014-06-04T17:56:48","date_gmt":"2014-06-04T15:56:48","guid":{"rendered":"http:\/\/ilsez-art.de\/?page_id=82"},"modified":"2024-05-27T22:57:39","modified_gmt":"2024-05-27T20:57:39","slug":"acryl","status":"publish","type":"page","link":"https:\/\/ilsez-art.de\/?page_id=82","title":{"rendered":"Acryl"},"content":{"rendered":"<p>In einem Malurlaub in der Toskana entstanden begann ich mit der Acrylmalerei. Bei den &#8222;Lahnartist&#8220; in Limburg bildete ich\u00a0 mich dann weiter.<\/p>\n<p>Im Gegensatz zu der Aquarellmalerei, habe ich bei der Acrylmalerei werden die Details viel mehr\u00a0 ausgearbeitet. In den bereits getrockneten Bildern k\u00f6nnen noch nachtr\u00e4gliche Ver\u00e4nderungen vorgenommen werden, was mir bei der realen Malerei sehr entgegen kommt. Seit geraumer Zeit befasse ich mich mit Tierportr\u00e4t und mein gro\u00dfes Vorbild in der Tiermalerei ist Willi Herr aus Diez. F\u00fcr mich war er ein begnadeter Tierportr\u00e4t-Maler.<\/p>\n<p>Die Galerie zeigt einen Ausschnitt von meinen Arbeiten. Nicht alle Bilder sind noch in meinen Besitz. Wenn Sie Interesse an einem Bild haben, dann sagen Sie es mir. Vielleicht habe ich es noch f\u00fcr Sie.<\/p>\n<p><!-- index.php -->\n<div\n\tclass=\"ngg-galleryoverview\n\t ngg-ajax-pagination-none\t\"\n\tid=\"ngg-gallery-45104484fe069c62c48950d50ed4e1b6-1\">\n\n\t\t<div class=\"slideshowlink\">\n\t\t<a href='https:\/\/ilsez-art.de\/index.php\/nggallery\/slideshow?page_id=82'>[Zeige eine Slideshow]<\/a>\n\n\t<\/div>\n\t\t\t<!-- Thumbnails -->\n\t\t\t\t<div id=\"ngg-image-0\" class=\"ngg-gallery-thumbnail-box\"\n\t\t\t\t\t\t\t\t\t\t\t>\n\t\t\t\t\t\t<div class=\"ngg-gallery-thumbnail\">\n\t\t\t<a href=\"https:\/\/ilsez-art.de\/wp-content\/gallery\/acryl\/20240218_195753-a.jpg\"\n\t\t\t\ttitle=\"80x100 cm, auf Leinwand.\nHier trifft abstrakte und fotorealistische Malerei zusammen.\"\n\t\t\t\tdata-src=\"https:\/\/ilsez-art.de\/wp-content\/gallery\/acryl\/20240218_195753-a.jpg\"\n\t\t\t\tdata-thumbnail=\"https:\/\/ilsez-art.de\/wp-content\/gallery\/acryl\/thumbs\/thumbs_20240218_195753-a.jpg\"\n\t\t\t\tdata-image-id=\"497\"\n\t\t\t\tdata-title=\"Rotes Pferd\"\n\t\t\t\tdata-description=\"80x100 cm, auf Leinwand.\nHier trifft abstrakte und fotorealistische Malerei zusammen.\"\n\t\t\t\tdata-image-slug=\"20240218_195753-a\"\n\t\t\t\tclass=\"ngg-fancybox\" rel=\"45104484fe069c62c48950d50ed4e1b6\">\n\t\t\t\t<img\n\t\t\t\t\ttitle=\"Rotes Pferd\"\n\t\t\t\t\talt=\"Rotes Pferd\"\n\t\t\t\t\tsrc=\"https:\/\/ilsez-art.de\/wp-content\/gallery\/acryl\/thumbs\/thumbs_20240218_195753-a.jpg\"\n\t\t\t\t\twidth=\"120\"\n\t\t\t\t\theight=\"90\"\n\t\t\t\t\tstyle=\"max-width:100%;\"\n\t\t\t\t\/>\n\t\t\t<\/a>\n\t\t<\/div>\n\t\t\t\t\t\t\t<\/div>\n\t\t\t\n\t\t\n\t\t\t\t<div id=\"ngg-image-1\" class=\"ngg-gallery-thumbnail-box\"\n\t\t\t\t\t\t\t\t\t\t\t>\n\t\t\t\t\t\t<div class=\"ngg-gallery-thumbnail\">\n\t\t\t<a href=\"https:\/\/ilsez-art.de\/wp-content\/gallery\/acryl\/20251105_211121-a.jpg\"\n\t\t\t\ttitle=\"60x80cm auf Leinwand\n(Auftragsarbeit)\"\n\t\t\t\tdata-src=\"https:\/\/ilsez-art.de\/wp-content\/gallery\/acryl\/20251105_211121-a.jpg\"\n\t\t\t\tdata-thumbnail=\"https:\/\/ilsez-art.de\/wp-content\/gallery\/acryl\/thumbs\/thumbs_20251105_211121-a.jpg\"\n\t\t\t\tdata-image-id=\"557\"\n\t\t\t\tdata-title=\"ARA\"\n\t\t\t\tdata-description=\"60x80cm auf Leinwand\n(Auftragsarbeit)\"\n\t\t\t\tdata-image-slug=\"20251105_211121-a\"\n\t\t\t\tclass=\"ngg-fancybox\" rel=\"45104484fe069c62c48950d50ed4e1b6\">\n\t\t\t\t<img\n\t\t\t\t\ttitle=\"ARA\"\n\t\t\t\t\talt=\"ARA\"\n\t\t\t\t\tsrc=\"https:\/\/ilsez-art.de\/wp-content\/gallery\/acryl\/thumbs\/thumbs_20251105_211121-a.jpg\"\n\t\t\t\t\twidth=\"120\"\n\t\t\t\t\theight=\"90\"\n\t\t\t\t\tstyle=\"max-width:100%;\"\n\t\t\t\t\/>\n\t\t\t<\/a>\n\t\t<\/div>\n\t\t\t\t\t\t\t<\/div>\n\t\t\t\n\t\t\n\t\t\t\t<div id=\"ngg-image-2\" class=\"ngg-gallery-thumbnail-box\"\n\t\t\t\t\t\t\t\t\t\t\t>\n\t\t\t\t\t\t<div class=\"ngg-gallery-thumbnail\">\n\t\t\t<a href=\"https:\/\/ilsez-art.de\/wp-content\/gallery\/acryl\/Harley2-aHP.JPG\"\n\t\t\t\ttitle=\"Harley  Devidson (Auftragsarbeit)\n50x70cm, auf Leinwand\"\n\t\t\t\tdata-src=\"https:\/\/ilsez-art.de\/wp-content\/gallery\/acryl\/Harley2-aHP.JPG\"\n\t\t\t\tdata-thumbnail=\"https:\/\/ilsez-art.de\/wp-content\/gallery\/acryl\/thumbs\/thumbs_Harley2-aHP.JPG\"\n\t\t\t\tdata-image-id=\"416\"\n\t\t\t\tdata-title=\"Harley 2\"\n\t\t\t\tdata-description=\"Harley  Devidson (Auftragsarbeit)\n50x70cm, auf Leinwand\"\n\t\t\t\tdata-image-slug=\"harley2-ahp\"\n\t\t\t\tclass=\"ngg-fancybox\" rel=\"45104484fe069c62c48950d50ed4e1b6\">\n\t\t\t\t<img\n\t\t\t\t\ttitle=\"Harley 2\"\n\t\t\t\t\talt=\"Harley 2\"\n\t\t\t\t\tsrc=\"https:\/\/ilsez-art.de\/wp-content\/gallery\/acryl\/thumbs\/thumbs_Harley2-aHP.JPG\"\n\t\t\t\t\twidth=\"120\"\n\t\t\t\t\theight=\"90\"\n\t\t\t\t\tstyle=\"max-width:100%;\"\n\t\t\t\t\/>\n\t\t\t<\/a>\n\t\t<\/div>\n\t\t\t\t\t\t\t<\/div>\n\t\t\t\n\t\t\n\t\t\t\t<div id=\"ngg-image-3\" class=\"ngg-gallery-thumbnail-box\"\n\t\t\t\t\t\t\t\t\t\t\t>\n\t\t\t\t\t\t<div class=\"ngg-gallery-thumbnail\">\n\t\t\t<a href=\"https:\/\/ilsez-art.de\/wp-content\/gallery\/acryl\/Eidechsen-a.JPG\"\n\t\t\t\ttitle=\"Eidechse auf Agave  50x70cm\"\n\t\t\t\tdata-src=\"https:\/\/ilsez-art.de\/wp-content\/gallery\/acryl\/Eidechsen-a.JPG\"\n\t\t\t\tdata-thumbnail=\"https:\/\/ilsez-art.de\/wp-content\/gallery\/acryl\/thumbs\/thumbs_Eidechsen-a.JPG\"\n\t\t\t\tdata-image-id=\"408\"\n\t\t\t\tdata-title=\"Eidechsen\"\n\t\t\t\tdata-description=\"Eidechse auf Agave  50x70cm\"\n\t\t\t\tdata-image-slug=\"eidechsen-a\"\n\t\t\t\tclass=\"ngg-fancybox\" rel=\"45104484fe069c62c48950d50ed4e1b6\">\n\t\t\t\t<img\n\t\t\t\t\ttitle=\"Eidechsen\"\n\t\t\t\t\talt=\"Eidechsen\"\n\t\t\t\t\tsrc=\"https:\/\/ilsez-art.de\/wp-content\/gallery\/acryl\/thumbs\/thumbs_Eidechsen-a.JPG\"\n\t\t\t\t\twidth=\"120\"\n\t\t\t\t\theight=\"90\"\n\t\t\t\t\tstyle=\"max-width:100%;\"\n\t\t\t\t\/>\n\t\t\t<\/a>\n\t\t<\/div>\n\t\t\t\t\t\t\t<\/div>\n\t\t\t\n\t\t\n\t\t\t\t<div id=\"ngg-image-4\" class=\"ngg-gallery-thumbnail-box\"\n\t\t\t\t\t\t\t\t\t\t\t>\n\t\t\t\t\t\t<div class=\"ngg-gallery-thumbnail\">\n\t\t\t<a href=\"https:\/\/ilsez-art.de\/wp-content\/gallery\/acryl\/Hund4-a.JPG\"\n\t\t\t\ttitle=\"Osiris, Acryl auf Leinwand, 40x40 cm, (Auftragsarbeit)\"\n\t\t\t\tdata-src=\"https:\/\/ilsez-art.de\/wp-content\/gallery\/acryl\/Hund4-a.JPG\"\n\t\t\t\tdata-thumbnail=\"https:\/\/ilsez-art.de\/wp-content\/gallery\/acryl\/thumbs\/thumbs_Hund4-a.JPG\"\n\t\t\t\tdata-image-id=\"397\"\n\t\t\t\tdata-title=\"Osiris\"\n\t\t\t\tdata-description=\"Osiris, Acryl auf Leinwand, 40x40 cm, (Auftragsarbeit)\"\n\t\t\t\tdata-image-slug=\"hund4-a\"\n\t\t\t\tclass=\"ngg-fancybox\" rel=\"45104484fe069c62c48950d50ed4e1b6\">\n\t\t\t\t<img\n\t\t\t\t\ttitle=\"Osiris\"\n\t\t\t\t\talt=\"Osiris\"\n\t\t\t\t\tsrc=\"https:\/\/ilsez-art.de\/wp-content\/gallery\/acryl\/thumbs\/thumbs_Hund4-a.JPG\"\n\t\t\t\t\twidth=\"120\"\n\t\t\t\t\theight=\"90\"\n\t\t\t\t\tstyle=\"max-width:100%;\"\n\t\t\t\t\/>\n\t\t\t<\/a>\n\t\t<\/div>\n\t\t\t\t\t\t\t<\/div>\n\t\t\t\n\t\t\n\t\t\t\t<div id=\"ngg-image-5\" class=\"ngg-gallery-thumbnail-box\"\n\t\t\t\t\t\t\t\t\t\t\t>\n\t\t\t\t\t\t<div class=\"ngg-gallery-thumbnail\">\n\t\t\t<a href=\"https:\/\/ilsez-art.de\/wp-content\/gallery\/acryl\/Hund1-a.jpg\"\n\t\t\t\ttitle=\"Ramsis, Acryl, 40x40cm, (Auftragsarbeit)\"\n\t\t\t\tdata-src=\"https:\/\/ilsez-art.de\/wp-content\/gallery\/acryl\/Hund1-a.jpg\"\n\t\t\t\tdata-thumbnail=\"https:\/\/ilsez-art.de\/wp-content\/gallery\/acryl\/thumbs\/thumbs_Hund1-a.jpg\"\n\t\t\t\tdata-image-id=\"394\"\n\t\t\t\tdata-title=\"Ramsis\"\n\t\t\t\tdata-description=\"Ramsis, Acryl, 40x40cm, (Auftragsarbeit)\"\n\t\t\t\tdata-image-slug=\"hund1-a\"\n\t\t\t\tclass=\"ngg-fancybox\" rel=\"45104484fe069c62c48950d50ed4e1b6\">\n\t\t\t\t<img\n\t\t\t\t\ttitle=\"Ramsis\"\n\t\t\t\t\talt=\"Ramsis\"\n\t\t\t\t\tsrc=\"https:\/\/ilsez-art.de\/wp-content\/gallery\/acryl\/thumbs\/thumbs_Hund1-a.jpg\"\n\t\t\t\t\twidth=\"120\"\n\t\t\t\t\theight=\"90\"\n\t\t\t\t\tstyle=\"max-width:100%;\"\n\t\t\t\t\/>\n\t\t\t<\/a>\n\t\t<\/div>\n\t\t\t\t\t\t\t<\/div>\n\t\t\t\n\t\t\n\t\t\t\t<div id=\"ngg-image-6\" class=\"ngg-gallery-thumbnail-box\"\n\t\t\t\t\t\t\t\t\t\t\t>\n\t\t\t\t\t\t<div class=\"ngg-gallery-thumbnail\">\n\t\t\t<a href=\"https:\/\/ilsez-art.de\/wp-content\/gallery\/acryl\/20180830_152453-1a.jpg\"\n\t\t\t\ttitle=\"Harlay Devissen, (Auftragsarbeit)\"\n\t\t\t\tdata-src=\"https:\/\/ilsez-art.de\/wp-content\/gallery\/acryl\/20180830_152453-1a.jpg\"\n\t\t\t\tdata-thumbnail=\"https:\/\/ilsez-art.de\/wp-content\/gallery\/acryl\/thumbs\/thumbs_20180830_152453-1a.jpg\"\n\t\t\t\tdata-image-id=\"353\"\n\t\t\t\tdata-title=\"Harlay Devissen\"\n\t\t\t\tdata-description=\"Harlay Devissen, (Auftragsarbeit)\"\n\t\t\t\tdata-image-slug=\"20180830_152453-1a\"\n\t\t\t\tclass=\"ngg-fancybox\" rel=\"45104484fe069c62c48950d50ed4e1b6\">\n\t\t\t\t<img\n\t\t\t\t\ttitle=\"Harlay Devissen\"\n\t\t\t\t\talt=\"Harlay Devissen\"\n\t\t\t\t\tsrc=\"https:\/\/ilsez-art.de\/wp-content\/gallery\/acryl\/thumbs\/thumbs_20180830_152453-1a.jpg\"\n\t\t\t\t\twidth=\"120\"\n\t\t\t\t\theight=\"90\"\n\t\t\t\t\tstyle=\"max-width:100%;\"\n\t\t\t\t\/>\n\t\t\t<\/a>\n\t\t<\/div>\n\t\t\t\t\t\t\t<\/div>\n\t\t\t\n\t\t\n\t\t\t\t<div id=\"ngg-image-7\" class=\"ngg-gallery-thumbnail-box\"\n\t\t\t\t\t\t\t\t\t\t\t>\n\t\t\t\t\t\t<div class=\"ngg-gallery-thumbnail\">\n\t\t\t<a href=\"https:\/\/ilsez-art.de\/wp-content\/gallery\/acryl\/wolf1-a.jpg\"\n\t\t\t\ttitle=\"Wolf, auf Leinwand, 40x40cm\"\n\t\t\t\tdata-src=\"https:\/\/ilsez-art.de\/wp-content\/gallery\/acryl\/wolf1-a.jpg\"\n\t\t\t\tdata-thumbnail=\"https:\/\/ilsez-art.de\/wp-content\/gallery\/acryl\/thumbs\/thumbs_wolf1-a.jpg\"\n\t\t\t\tdata-image-id=\"348\"\n\t\t\t\tdata-title=\"Wolf\"\n\t\t\t\tdata-description=\"Wolf, auf Leinwand, 40x40cm\"\n\t\t\t\tdata-image-slug=\"wolf1-a\"\n\t\t\t\tclass=\"ngg-fancybox\" rel=\"45104484fe069c62c48950d50ed4e1b6\">\n\t\t\t\t<img\n\t\t\t\t\ttitle=\"Wolf\"\n\t\t\t\t\talt=\"Wolf\"\n\t\t\t\t\tsrc=\"https:\/\/ilsez-art.de\/wp-content\/gallery\/acryl\/thumbs\/thumbs_wolf1-a.jpg\"\n\t\t\t\t\twidth=\"120\"\n\t\t\t\t\theight=\"90\"\n\t\t\t\t\tstyle=\"max-width:100%;\"\n\t\t\t\t\/>\n\t\t\t<\/a>\n\t\t<\/div>\n\t\t\t\t\t\t\t<\/div>\n\t\t\t\n\t\t\n\t\t\t\t<div id=\"ngg-image-8\" class=\"ngg-gallery-thumbnail-box\"\n\t\t\t\t\t\t\t\t\t\t\t>\n\t\t\t\t\t\t<div class=\"ngg-gallery-thumbnail\">\n\t\t\t<a href=\"https:\/\/ilsez-art.de\/wp-content\/gallery\/acryl\/Eiserne-Steg-a.jpg\"\n\t\t\t\ttitle=\"Frankfurt 60x80cm, (ein Geschenk f\u00fcr eine Hochzeit)\"\n\t\t\t\tdata-src=\"https:\/\/ilsez-art.de\/wp-content\/gallery\/acryl\/Eiserne-Steg-a.jpg\"\n\t\t\t\tdata-thumbnail=\"https:\/\/ilsez-art.de\/wp-content\/gallery\/acryl\/thumbs\/thumbs_Eiserne-Steg-a.jpg\"\n\t\t\t\tdata-image-id=\"347\"\n\t\t\t\tdata-title=\"Frankfurt\"\n\t\t\t\tdata-description=\"Frankfurt 60x80cm, (ein Geschenk f\u00fcr eine Hochzeit)\"\n\t\t\t\tdata-image-slug=\"eiserne-steg-a\"\n\t\t\t\tclass=\"ngg-fancybox\" rel=\"45104484fe069c62c48950d50ed4e1b6\">\n\t\t\t\t<img\n\t\t\t\t\ttitle=\"Frankfurt\"\n\t\t\t\t\talt=\"Frankfurt\"\n\t\t\t\t\tsrc=\"https:\/\/ilsez-art.de\/wp-content\/gallery\/acryl\/thumbs\/thumbs_Eiserne-Steg-a.jpg\"\n\t\t\t\t\twidth=\"120\"\n\t\t\t\t\theight=\"90\"\n\t\t\t\t\tstyle=\"max-width:100%;\"\n\t\t\t\t\/>\n\t\t\t<\/a>\n\t\t<\/div>\n\t\t\t\t\t\t\t<\/div>\n\t\t\t\n\t\t\n\t\t\t\t<div id=\"ngg-image-9\" class=\"ngg-gallery-thumbnail-box\"\n\t\t\t\t\t\t\t\t\t\t\t>\n\t\t\t\t\t\t<div class=\"ngg-gallery-thumbnail\">\n\t\t\t<a href=\"https:\/\/ilsez-art.de\/wp-content\/gallery\/acryl\/Tommy1.2a-2016.jpg\"\n\t\t\t\ttitle=\"Tomi 60x70cm (nicht mehr in meinem Besitz)\"\n\t\t\t\tdata-src=\"https:\/\/ilsez-art.de\/wp-content\/gallery\/acryl\/Tommy1.2a-2016.jpg\"\n\t\t\t\tdata-thumbnail=\"https:\/\/ilsez-art.de\/wp-content\/gallery\/acryl\/thumbs\/thumbs_Tommy1.2a-2016.jpg\"\n\t\t\t\tdata-image-id=\"325\"\n\t\t\t\tdata-title=\"Tommy\"\n\t\t\t\tdata-description=\"Tomi 60x70cm (nicht mehr in meinem Besitz)\"\n\t\t\t\tdata-image-slug=\"tommy1-2a-2016\"\n\t\t\t\tclass=\"ngg-fancybox\" rel=\"45104484fe069c62c48950d50ed4e1b6\">\n\t\t\t\t<img\n\t\t\t\t\ttitle=\"Tommy\"\n\t\t\t\t\talt=\"Tommy\"\n\t\t\t\t\tsrc=\"https:\/\/ilsez-art.de\/wp-content\/gallery\/acryl\/thumbs\/thumbs_Tommy1.2a-2016.jpg\"\n\t\t\t\t\twidth=\"120\"\n\t\t\t\t\theight=\"90\"\n\t\t\t\t\tstyle=\"max-width:100%;\"\n\t\t\t\t\/>\n\t\t\t<\/a>\n\t\t<\/div>\n\t\t\t\t\t\t\t<\/div>\n\t\t\t\n\t\t\n\t\t\t\t<div id=\"ngg-image-10\" class=\"ngg-gallery-thumbnail-box\"\n\t\t\t\t\t\t\t\t\t\t\t>\n\t\t\t\t\t\t<div class=\"ngg-gallery-thumbnail\">\n\t\t\t<a href=\"https:\/\/ilsez-art.de\/wp-content\/gallery\/acryl\/Mia-a.jpg\"\n\t\t\t\ttitle=\"Acryl auf Leinwand, 50x70cm\"\n\t\t\t\tdata-src=\"https:\/\/ilsez-art.de\/wp-content\/gallery\/acryl\/Mia-a.jpg\"\n\t\t\t\tdata-thumbnail=\"https:\/\/ilsez-art.de\/wp-content\/gallery\/acryl\/thumbs\/thumbs_Mia-a.jpg\"\n\t\t\t\tdata-image-id=\"322\"\n\t\t\t\tdata-title=\"Mia\"\n\t\t\t\tdata-description=\"Acryl auf Leinwand, 50x70cm\"\n\t\t\t\tdata-image-slug=\"mia-a\"\n\t\t\t\tclass=\"ngg-fancybox\" rel=\"45104484fe069c62c48950d50ed4e1b6\">\n\t\t\t\t<img\n\t\t\t\t\ttitle=\"Mia\"\n\t\t\t\t\talt=\"Mia\"\n\t\t\t\t\tsrc=\"https:\/\/ilsez-art.de\/wp-content\/gallery\/acryl\/thumbs\/thumbs_Mia-a.jpg\"\n\t\t\t\t\twidth=\"120\"\n\t\t\t\t\theight=\"90\"\n\t\t\t\t\tstyle=\"max-width:100%;\"\n\t\t\t\t\/>\n\t\t\t<\/a>\n\t\t<\/div>\n\t\t\t\t\t\t\t<\/div>\n\t\t\t\n\t\t\n\t\t\t\t<div id=\"ngg-image-11\" class=\"ngg-gallery-thumbnail-box\"\n\t\t\t\t\t\t\t\t\t\t\t>\n\t\t\t\t\t\t<div class=\"ngg-gallery-thumbnail\">\n\t\t\t<a href=\"https:\/\/ilsez-art.de\/wp-content\/gallery\/acryl\/Buon-giorno.JPG\"\n\t\t\t\ttitle=\"Acylfarbe auf Malplatte, 30,5x40 cm\"\n\t\t\t\tdata-src=\"https:\/\/ilsez-art.de\/wp-content\/gallery\/acryl\/Buon-giorno.JPG\"\n\t\t\t\tdata-thumbnail=\"https:\/\/ilsez-art.de\/wp-content\/gallery\/acryl\/thumbs\/thumbs_Buon-giorno.JPG\"\n\t\t\t\tdata-image-id=\"296\"\n\t\t\t\tdata-title=\"Buon giorno\"\n\t\t\t\tdata-description=\"Acylfarbe auf Malplatte, 30,5x40 cm\"\n\t\t\t\tdata-image-slug=\"buon-giorno\"\n\t\t\t\tclass=\"ngg-fancybox\" rel=\"45104484fe069c62c48950d50ed4e1b6\">\n\t\t\t\t<img\n\t\t\t\t\ttitle=\"Buon giorno\"\n\t\t\t\t\talt=\"Buon giorno\"\n\t\t\t\t\tsrc=\"https:\/\/ilsez-art.de\/wp-content\/gallery\/acryl\/thumbs\/thumbs_Buon-giorno.JPG\"\n\t\t\t\t\twidth=\"120\"\n\t\t\t\t\theight=\"90\"\n\t\t\t\t\tstyle=\"max-width:100%;\"\n\t\t\t\t\/>\n\t\t\t<\/a>\n\t\t<\/div>\n\t\t\t\t\t\t\t<\/div>\n\t\t\t\n\t\t\n\t\t\t\t<div id=\"ngg-image-12\" class=\"ngg-gallery-thumbnail-box\"\n\t\t\t\t\t\t\t\t\t\t\t>\n\t\t\t\t\t\t<div class=\"ngg-gallery-thumbnail\">\n\t\t\t<a href=\"https:\/\/ilsez-art.de\/wp-content\/gallery\/acryl\/Buona-sera.JPG\"\n\t\t\t\ttitle=\"Acylfarbe auf Malplatte, 30,5x40 cm\"\n\t\t\t\tdata-src=\"https:\/\/ilsez-art.de\/wp-content\/gallery\/acryl\/Buona-sera.JPG\"\n\t\t\t\tdata-thumbnail=\"https:\/\/ilsez-art.de\/wp-content\/gallery\/acryl\/thumbs\/thumbs_Buona-sera.JPG\"\n\t\t\t\tdata-image-id=\"154\"\n\t\t\t\tdata-title=\"Buona sera\"\n\t\t\t\tdata-description=\"Acylfarbe auf Malplatte, 30,5x40 cm\"\n\t\t\t\tdata-image-slug=\"buona-sera\"\n\t\t\t\tclass=\"ngg-fancybox\" rel=\"45104484fe069c62c48950d50ed4e1b6\">\n\t\t\t\t<img\n\t\t\t\t\ttitle=\"Buona sera\"\n\t\t\t\t\talt=\"Buona sera\"\n\t\t\t\t\tsrc=\"https:\/\/ilsez-art.de\/wp-content\/gallery\/acryl\/thumbs\/thumbs_Buona-sera.JPG\"\n\t\t\t\t\twidth=\"120\"\n\t\t\t\t\theight=\"90\"\n\t\t\t\t\tstyle=\"max-width:100%;\"\n\t\t\t\t\/>\n\t\t\t<\/a>\n\t\t<\/div>\n\t\t\t\t\t\t\t<\/div>\n\t\t\t\n\t\t\n\t\t\n\t\t<!-- Pagination -->\n\t\t<div class='ngg-clear'><\/div>\t<\/div>\n<\/p>\n","protected":false},"excerpt":{"rendered":"<p>In einem Malurlaub in der Toskana entstanden begann ich mit der Acrylmalerei. Bei den &#8222;Lahnartist&#8220; in Limburg bildete ich\u00a0 mich dann weiter. Im Gegensatz zu der Aquarellmalerei, habe ich bei der Acrylmalerei werden die Details viel mehr\u00a0 ausgearbeitet. In den bereits getrockneten Bildern k\u00f6nnen noch nachtr\u00e4gliche Ver\u00e4nderungen vorgenommen werden, was mir bei der realen Malerei &hellip; <a href=\"https:\/\/ilsez-art.de\/?page_id=82\" class=\"more-link\"><span class=\"screen-reader-text\">Acryl<\/span> weiterlesen <span class=\"meta-nav\">&rarr;<\/span><\/a><\/p>\n","protected":false},"author":1,"featured_media":0,"parent":0,"menu_order":0,"comment_status":"open","ping_status":"closed","template":"","meta":{"ngg_post_thumbnail":0,"footnotes":""},"class_list":["post-82","page","type-page","status-publish","hentry"],"_links":{"self":[{"href":"https:\/\/ilsez-art.de\/index.php?rest_route=\/wp\/v2\/pages\/82","targetHints":{"allow":["GET"]}}],"collection":[{"href":"https:\/\/ilsez-art.de\/index.php?rest_route=\/wp\/v2\/pages"}],"about":[{"href":"https:\/\/ilsez-art.de\/index.php?rest_route=\/wp\/v2\/types\/page"}],"author":[{"embeddable":true,"href":"https:\/\/ilsez-art.de\/index.php?rest_route=\/wp\/v2\/users\/1"}],"replies":[{"embeddable":true,"href":"https:\/\/ilsez-art.de\/index.php?rest_route=%2Fwp%2Fv2%2Fcomments&post=82"}],"version-history":[{"count":11,"href":"https:\/\/ilsez-art.de\/index.php?rest_route=\/wp\/v2\/pages\/82\/revisions"}],"predecessor-version":[{"id":2097,"href":"https:\/\/ilsez-art.de\/index.php?rest_route=\/wp\/v2\/pages\/82\/revisions\/2097"}],"wp:attachment":[{"href":"https:\/\/ilsez-art.de\/index.php?rest_route=%2Fwp%2Fv2%2Fmedia&parent=82"}],"curies":[{"name":"wp","href":"https:\/\/api.w.org\/{rel}","templated":true}]}}