{"id":79,"date":"2014-06-04T17:56:38","date_gmt":"2014-06-04T15:56:38","guid":{"rendered":"http:\/\/ilsez-art.de\/?page_id=79"},"modified":"2020-06-08T23:36:18","modified_gmt":"2020-06-08T21:36:18","slug":"aquarell","status":"publish","type":"page","link":"https:\/\/ilsez-art.de\/?page_id=79","title":{"rendered":"Aquarelle"},"content":{"rendered":"<p>Gemalt nach eigenen oder genehmigten Fotos.<\/p>\n<p>Zart und vertr\u00e4umt, kr\u00e4ftig und lebendig k\u00f6nnen meine Aquarelle sein. Es sind Bilder, so vielf\u00e4ltig wie die Natur.<\/p>\n<p>Die Originale wurden auf Aquarellpapier 300g\/m\u00b2 gemalt und mit Passepartout (ca. 5cm breit) versehen. Die Bildgr\u00f6\u00dfenangaben sind ohne Passepartout und Rahmen.<\/p>\n<p>Ein sch\u00f6nes Aquarell zu malen, fasziniert mich immer wieder aufs Neue. Egal ob es Pflanzen, Stillleben, Schnee bedeckte Berge oder Landschaften sind, vertr\u00e4umte Bergseen, anmutende Geb\u00e4ude, oder versteckte Ecken, die maltechnisch entdeckt werden wollen. Seit 2016 male ich vermehrt auch Tiermotive&#8230;.<\/p>\n<p><!-- index.php -->\n<div\n\tclass=\"ngg-galleryoverview\n\t ngg-ajax-pagination-none\t\"\n\tid=\"ngg-gallery-919bda7b35c8373fa8103563f4ebc305-1\">\n\n\t\t<div class=\"slideshowlink\">\n\t\t<a href='https:\/\/ilsez-art.de\/index.php\/nggallery\/slideshow?page_id=79'>[Zeige eine Slideshow]<\/a>\n\n\t<\/div>\n\t\t\t<!-- Thumbnails -->\n\t\t\t\t<div id=\"ngg-image-0\" class=\"ngg-gallery-thumbnail-box\"\n\t\t\t\t\t\t\t\t\t\t\t>\n\t\t\t\t\t\t<div class=\"ngg-gallery-thumbnail\">\n\t\t\t<a href=\"https:\/\/ilsez-art.de\/wp-content\/gallery\/aquarell\/P1040509-a.JPG\"\n\t\t\t\ttitle=\"Den Fr\u00fchling begr\u00fc\u00dfen, 24x32cm, Aquarellpapier 300g\/m\u00b2\"\n\t\t\t\tdata-src=\"https:\/\/ilsez-art.de\/wp-content\/gallery\/aquarell\/P1040509-a.JPG\"\n\t\t\t\tdata-thumbnail=\"https:\/\/ilsez-art.de\/wp-content\/gallery\/aquarell\/thumbs\/thumbs_P1040509-a.JPG\"\n\t\t\t\tdata-image-id=\"480\"\n\t\t\t\tdata-title=\"Der Fr\u00fchling\"\n\t\t\t\tdata-description=\"Den Fr\u00fchling begr\u00fc\u00dfen, 24x32cm, Aquarellpapier 300g\/m\u00b2\"\n\t\t\t\tdata-image-slug=\"p1040509-a\"\n\t\t\t\tclass=\"ngg-fancybox\" rel=\"919bda7b35c8373fa8103563f4ebc305\">\n\t\t\t\t<img\n\t\t\t\t\ttitle=\"Der Fr\u00fchling\"\n\t\t\t\t\talt=\"Der Fr\u00fchling\"\n\t\t\t\t\tsrc=\"https:\/\/ilsez-art.de\/wp-content\/gallery\/aquarell\/thumbs\/thumbs_P1040509-a.JPG\"\n\t\t\t\t\twidth=\"120\"\n\t\t\t\t\theight=\"90\"\n\t\t\t\t\tstyle=\"max-width:100%;\"\n\t\t\t\t\/>\n\t\t\t<\/a>\n\t\t<\/div>\n\t\t\t\t\t\t\t<\/div>\n\t\t\t\n\t\t\n\t\t\t\t<div id=\"ngg-image-1\" class=\"ngg-gallery-thumbnail-box\"\n\t\t\t\t\t\t\t\t\t\t\t>\n\t\t\t\t\t\t<div class=\"ngg-gallery-thumbnail\">\n\t\t\t<a href=\"https:\/\/ilsez-art.de\/wp-content\/gallery\/aquarell\/P1040491-a.JPG\"\n\t\t\t\ttitle=\"Die letzten Wintertage, 24x32cm, Aquarellpapier 300g\/m\u00b2\"\n\t\t\t\tdata-src=\"https:\/\/ilsez-art.de\/wp-content\/gallery\/aquarell\/P1040491-a.JPG\"\n\t\t\t\tdata-thumbnail=\"https:\/\/ilsez-art.de\/wp-content\/gallery\/aquarell\/thumbs\/thumbs_P1040491-a.JPG\"\n\t\t\t\tdata-image-id=\"481\"\n\t\t\t\tdata-title=\"Schneeschmelze\"\n\t\t\t\tdata-description=\"Die letzten Wintertage, 24x32cm, Aquarellpapier 300g\/m\u00b2\"\n\t\t\t\tdata-image-slug=\"p1040491-a\"\n\t\t\t\tclass=\"ngg-fancybox\" rel=\"919bda7b35c8373fa8103563f4ebc305\">\n\t\t\t\t<img\n\t\t\t\t\ttitle=\"Schneeschmelze\"\n\t\t\t\t\talt=\"Schneeschmelze\"\n\t\t\t\t\tsrc=\"https:\/\/ilsez-art.de\/wp-content\/gallery\/aquarell\/thumbs\/thumbs_P1040491-a.JPG\"\n\t\t\t\t\twidth=\"120\"\n\t\t\t\t\theight=\"90\"\n\t\t\t\t\tstyle=\"max-width:100%;\"\n\t\t\t\t\/>\n\t\t\t<\/a>\n\t\t<\/div>\n\t\t\t\t\t\t\t<\/div>\n\t\t\t\n\t\t\n\t\t\t\t<div id=\"ngg-image-2\" class=\"ngg-gallery-thumbnail-box\"\n\t\t\t\t\t\t\t\t\t\t\t>\n\t\t\t\t\t\t<div class=\"ngg-gallery-thumbnail\">\n\t\t\t<a href=\"https:\/\/ilsez-art.de\/wp-content\/gallery\/aquarell\/Mohnblumen-a.jpg\"\n\t\t\t\ttitle=\"Mohnblumen, 24x32cm, Aquarellpapier 300g\/m\u00b2\"\n\t\t\t\tdata-src=\"https:\/\/ilsez-art.de\/wp-content\/gallery\/aquarell\/Mohnblumen-a.jpg\"\n\t\t\t\tdata-thumbnail=\"https:\/\/ilsez-art.de\/wp-content\/gallery\/aquarell\/thumbs\/thumbs_Mohnblumen-a.jpg\"\n\t\t\t\tdata-image-id=\"482\"\n\t\t\t\tdata-title=\"Mohnblumen\"\n\t\t\t\tdata-description=\"Mohnblumen, 24x32cm, Aquarellpapier 300g\/m\u00b2\"\n\t\t\t\tdata-image-slug=\"mohnblumen-a\"\n\t\t\t\tclass=\"ngg-fancybox\" rel=\"919bda7b35c8373fa8103563f4ebc305\">\n\t\t\t\t<img\n\t\t\t\t\ttitle=\"Mohnblumen\"\n\t\t\t\t\talt=\"Mohnblumen\"\n\t\t\t\t\tsrc=\"https:\/\/ilsez-art.de\/wp-content\/gallery\/aquarell\/thumbs\/thumbs_Mohnblumen-a.jpg\"\n\t\t\t\t\twidth=\"120\"\n\t\t\t\t\theight=\"90\"\n\t\t\t\t\tstyle=\"max-width:100%;\"\n\t\t\t\t\/>\n\t\t\t<\/a>\n\t\t<\/div>\n\t\t\t\t\t\t\t<\/div>\n\t\t\t\n\t\t\n\t\t\t\t<div id=\"ngg-image-3\" class=\"ngg-gallery-thumbnail-box\"\n\t\t\t\t\t\t\t\t\t\t\t>\n\t\t\t\t\t\t<div class=\"ngg-gallery-thumbnail\">\n\t\t\t<a href=\"https:\/\/ilsez-art.de\/wp-content\/gallery\/aquarell\/gelbe-Rose-a.jpg\"\n\t\t\t\ttitle=\"gelbe Rose,24x32cm, Aquarellpapier 300g\/m\u00b2\"\n\t\t\t\tdata-src=\"https:\/\/ilsez-art.de\/wp-content\/gallery\/aquarell\/gelbe-Rose-a.jpg\"\n\t\t\t\tdata-thumbnail=\"https:\/\/ilsez-art.de\/wp-content\/gallery\/aquarell\/thumbs\/thumbs_gelbe-Rose-a.jpg\"\n\t\t\t\tdata-image-id=\"483\"\n\t\t\t\tdata-title=\"gelbe-Rose\"\n\t\t\t\tdata-description=\"gelbe Rose,24x32cm, Aquarellpapier 300g\/m\u00b2\"\n\t\t\t\tdata-image-slug=\"gelbe-rose-a\"\n\t\t\t\tclass=\"ngg-fancybox\" rel=\"919bda7b35c8373fa8103563f4ebc305\">\n\t\t\t\t<img\n\t\t\t\t\ttitle=\"gelbe-Rose\"\n\t\t\t\t\talt=\"gelbe-Rose\"\n\t\t\t\t\tsrc=\"https:\/\/ilsez-art.de\/wp-content\/gallery\/aquarell\/thumbs\/thumbs_gelbe-Rose-a.jpg\"\n\t\t\t\t\twidth=\"120\"\n\t\t\t\t\theight=\"90\"\n\t\t\t\t\tstyle=\"max-width:100%;\"\n\t\t\t\t\/>\n\t\t\t<\/a>\n\t\t<\/div>\n\t\t\t\t\t\t\t<\/div>\n\t\t\t\n\t\t\n\t\t\t\t<div id=\"ngg-image-4\" class=\"ngg-gallery-thumbnail-box\"\n\t\t\t\t\t\t\t\t\t\t\t>\n\t\t\t\t\t\t<div class=\"ngg-gallery-thumbnail\">\n\t\t\t<a href=\"https:\/\/ilsez-art.de\/wp-content\/gallery\/aquarell\/P1040591-a-Limburger-Weg.JPG\"\n\t\t\t\ttitle=\"Limburger-Weg, Aquarellpapier 300g\/m\u00b2\"\n\t\t\t\tdata-src=\"https:\/\/ilsez-art.de\/wp-content\/gallery\/aquarell\/P1040591-a-Limburger-Weg.JPG\"\n\t\t\t\tdata-thumbnail=\"https:\/\/ilsez-art.de\/wp-content\/gallery\/aquarell\/thumbs\/thumbs_P1040591-a-Limburger-Weg.JPG\"\n\t\t\t\tdata-image-id=\"487\"\n\t\t\t\tdata-title=\"Limburger-Weg\"\n\t\t\t\tdata-description=\"Limburger-Weg, Aquarellpapier 300g\/m\u00b2\"\n\t\t\t\tdata-image-slug=\"p1040591-a-limburger-weg\"\n\t\t\t\tclass=\"ngg-fancybox\" rel=\"919bda7b35c8373fa8103563f4ebc305\">\n\t\t\t\t<img\n\t\t\t\t\ttitle=\"Limburger-Weg\"\n\t\t\t\t\talt=\"Limburger-Weg\"\n\t\t\t\t\tsrc=\"https:\/\/ilsez-art.de\/wp-content\/gallery\/aquarell\/thumbs\/thumbs_P1040591-a-Limburger-Weg.JPG\"\n\t\t\t\t\twidth=\"120\"\n\t\t\t\t\theight=\"90\"\n\t\t\t\t\tstyle=\"max-width:100%;\"\n\t\t\t\t\/>\n\t\t\t<\/a>\n\t\t<\/div>\n\t\t\t\t\t\t\t<\/div>\n\t\t\t\n\t\t\n\t\t\t\t<div id=\"ngg-image-5\" class=\"ngg-gallery-thumbnail-box\"\n\t\t\t\t\t\t\t\t\t\t\t>\n\t\t\t\t\t\t<div class=\"ngg-gallery-thumbnail\">\n\t\t\t<a href=\"https:\/\/ilsez-art.de\/wp-content\/gallery\/aquarell\/P1040590-a-Woerther-See.JPG\"\n\t\t\t\ttitle=\"W\u00f6rther-See, Aquarellpapier 250g\/m\u00b2\"\n\t\t\t\tdata-src=\"https:\/\/ilsez-art.de\/wp-content\/gallery\/aquarell\/P1040590-a-Woerther-See.JPG\"\n\t\t\t\tdata-thumbnail=\"https:\/\/ilsez-art.de\/wp-content\/gallery\/aquarell\/thumbs\/thumbs_P1040590-a-Woerther-See.JPG\"\n\t\t\t\tdata-image-id=\"488\"\n\t\t\t\tdata-title=\"W\u00f6rther-See\"\n\t\t\t\tdata-description=\"W\u00f6rther-See, Aquarellpapier 250g\/m\u00b2\"\n\t\t\t\tdata-image-slug=\"p1040590-a-woerther-see\"\n\t\t\t\tclass=\"ngg-fancybox\" rel=\"919bda7b35c8373fa8103563f4ebc305\">\n\t\t\t\t<img\n\t\t\t\t\ttitle=\"W\u00f6rther-See\"\n\t\t\t\t\talt=\"W\u00f6rther-See\"\n\t\t\t\t\tsrc=\"https:\/\/ilsez-art.de\/wp-content\/gallery\/aquarell\/thumbs\/thumbs_P1040590-a-Woerther-See.JPG\"\n\t\t\t\t\twidth=\"120\"\n\t\t\t\t\theight=\"90\"\n\t\t\t\t\tstyle=\"max-width:100%;\"\n\t\t\t\t\/>\n\t\t\t<\/a>\n\t\t<\/div>\n\t\t\t\t\t\t\t<\/div>\n\t\t\t\n\t\t\n\t\t\t\t<div id=\"ngg-image-6\" class=\"ngg-gallery-thumbnail-box\"\n\t\t\t\t\t\t\t\t\t\t\t>\n\t\t\t\t\t\t<div class=\"ngg-gallery-thumbnail\">\n\t\t\t<a href=\"https:\/\/ilsez-art.de\/wp-content\/gallery\/aquarell\/P1040592-a-Turracher-Hoehe.JPG\"\n\t\t\t\ttitle=\"Turracher-Hoehe, Aquarellpapier 250g\/m\u00b2\"\n\t\t\t\tdata-src=\"https:\/\/ilsez-art.de\/wp-content\/gallery\/aquarell\/P1040592-a-Turracher-Hoehe.JPG\"\n\t\t\t\tdata-thumbnail=\"https:\/\/ilsez-art.de\/wp-content\/gallery\/aquarell\/thumbs\/thumbs_P1040592-a-Turracher-Hoehe.JPG\"\n\t\t\t\tdata-image-id=\"489\"\n\t\t\t\tdata-title=\"Turracher-H\u00f6he\"\n\t\t\t\tdata-description=\"Turracher-Hoehe, Aquarellpapier 250g\/m\u00b2\"\n\t\t\t\tdata-image-slug=\"p1040592-a-turracher-hoehe\"\n\t\t\t\tclass=\"ngg-fancybox\" rel=\"919bda7b35c8373fa8103563f4ebc305\">\n\t\t\t\t<img\n\t\t\t\t\ttitle=\"Turracher-H\u00f6he\"\n\t\t\t\t\talt=\"Turracher-H\u00f6he\"\n\t\t\t\t\tsrc=\"https:\/\/ilsez-art.de\/wp-content\/gallery\/aquarell\/thumbs\/thumbs_P1040592-a-Turracher-Hoehe.JPG\"\n\t\t\t\t\twidth=\"120\"\n\t\t\t\t\theight=\"90\"\n\t\t\t\t\tstyle=\"max-width:100%;\"\n\t\t\t\t\/>\n\t\t\t<\/a>\n\t\t<\/div>\n\t\t\t\t\t\t\t<\/div>\n\t\t\t\n\t\t\n\t\t\t\t<div id=\"ngg-image-7\" class=\"ngg-gallery-thumbnail-box\"\n\t\t\t\t\t\t\t\t\t\t\t>\n\t\t\t\t\t\t<div class=\"ngg-gallery-thumbnail\">\n\t\t\t<a href=\"https:\/\/ilsez-art.de\/wp-content\/gallery\/aquarell\/20240813_235127-aW.jpg\"\n\t\t\t\ttitle=\"Sonnenuntergang \/ Meer Baumwollpapier 300g\"\n\t\t\t\tdata-src=\"https:\/\/ilsez-art.de\/wp-content\/gallery\/aquarell\/20240813_235127-aW.jpg\"\n\t\t\t\tdata-thumbnail=\"https:\/\/ilsez-art.de\/wp-content\/gallery\/aquarell\/thumbs\/thumbs_20240813_235127-aW.jpg\"\n\t\t\t\tdata-image-id=\"520\"\n\t\t\t\tdata-title=\"Sonnenuntergang\"\n\t\t\t\tdata-description=\"Sonnenuntergang \/ Meer Baumwollpapier 300g\"\n\t\t\t\tdata-image-slug=\"20240813_235127-aw\"\n\t\t\t\tclass=\"ngg-fancybox\" rel=\"919bda7b35c8373fa8103563f4ebc305\">\n\t\t\t\t<img\n\t\t\t\t\ttitle=\"Sonnenuntergang\"\n\t\t\t\t\talt=\"Sonnenuntergang\"\n\t\t\t\t\tsrc=\"https:\/\/ilsez-art.de\/wp-content\/gallery\/aquarell\/thumbs\/thumbs_20240813_235127-aW.jpg\"\n\t\t\t\t\twidth=\"120\"\n\t\t\t\t\theight=\"90\"\n\t\t\t\t\tstyle=\"max-width:100%;\"\n\t\t\t\t\/>\n\t\t\t<\/a>\n\t\t<\/div>\n\t\t\t\t\t\t\t<\/div>\n\t\t\t\n\t\t\n\t\t\t\t<div id=\"ngg-image-8\" class=\"ngg-gallery-thumbnail-box\"\n\t\t\t\t\t\t\t\t\t\t\t>\n\t\t\t\t\t\t<div class=\"ngg-gallery-thumbnail\">\n\t\t\t<a href=\"https:\/\/ilsez-art.de\/wp-content\/gallery\/aquarell\/20240814_225130-aW.jpg\"\n\t\t\t\ttitle=\"Die Welle \/ Meer Baumwollpapier 300g\"\n\t\t\t\tdata-src=\"https:\/\/ilsez-art.de\/wp-content\/gallery\/aquarell\/20240814_225130-aW.jpg\"\n\t\t\t\tdata-thumbnail=\"https:\/\/ilsez-art.de\/wp-content\/gallery\/aquarell\/thumbs\/thumbs_20240814_225130-aW.jpg\"\n\t\t\t\tdata-image-id=\"521\"\n\t\t\t\tdata-title=\"Die Welle\"\n\t\t\t\tdata-description=\"Die Welle \/ Meer Baumwollpapier 300g\"\n\t\t\t\tdata-image-slug=\"20240814_225130-aw\"\n\t\t\t\tclass=\"ngg-fancybox\" rel=\"919bda7b35c8373fa8103563f4ebc305\">\n\t\t\t\t<img\n\t\t\t\t\ttitle=\"Die Welle\"\n\t\t\t\t\talt=\"Die Welle\"\n\t\t\t\t\tsrc=\"https:\/\/ilsez-art.de\/wp-content\/gallery\/aquarell\/thumbs\/thumbs_20240814_225130-aW.jpg\"\n\t\t\t\t\twidth=\"120\"\n\t\t\t\t\theight=\"90\"\n\t\t\t\t\tstyle=\"max-width:100%;\"\n\t\t\t\t\/>\n\t\t\t<\/a>\n\t\t<\/div>\n\t\t\t\t\t\t\t<\/div>\n\t\t\t\n\t\t\n\t\t\t\t<div id=\"ngg-image-9\" class=\"ngg-gallery-thumbnail-box\"\n\t\t\t\t\t\t\t\t\t\t\t>\n\t\t\t\t\t\t<div class=\"ngg-gallery-thumbnail\">\n\t\t\t<a href=\"https:\/\/ilsez-art.de\/wp-content\/gallery\/aquarell\/20240814_225105-aW.jpg\"\n\t\t\t\ttitle=\"Felsen  \/  Meer, Baumwollpapier 300g\"\n\t\t\t\tdata-src=\"https:\/\/ilsez-art.de\/wp-content\/gallery\/aquarell\/20240814_225105-aW.jpg\"\n\t\t\t\tdata-thumbnail=\"https:\/\/ilsez-art.de\/wp-content\/gallery\/aquarell\/thumbs\/thumbs_20240814_225105-aW.jpg\"\n\t\t\t\tdata-image-id=\"522\"\n\t\t\t\tdata-title=\"Felsen im Meer\"\n\t\t\t\tdata-description=\"Felsen  \/  Meer, Baumwollpapier 300g\"\n\t\t\t\tdata-image-slug=\"20240814_225105-aw\"\n\t\t\t\tclass=\"ngg-fancybox\" rel=\"919bda7b35c8373fa8103563f4ebc305\">\n\t\t\t\t<img\n\t\t\t\t\ttitle=\"Felsen im Meer\"\n\t\t\t\t\talt=\"Felsen im Meer\"\n\t\t\t\t\tsrc=\"https:\/\/ilsez-art.de\/wp-content\/gallery\/aquarell\/thumbs\/thumbs_20240814_225105-aW.jpg\"\n\t\t\t\t\twidth=\"120\"\n\t\t\t\t\theight=\"90\"\n\t\t\t\t\tstyle=\"max-width:100%;\"\n\t\t\t\t\/>\n\t\t\t<\/a>\n\t\t<\/div>\n\t\t\t\t\t\t\t<\/div>\n\t\t\t\n\t\t\n\t\t\t\t<div id=\"ngg-image-10\" class=\"ngg-gallery-thumbnail-box\"\n\t\t\t\t\t\t\t\t\t\t\t>\n\t\t\t\t\t\t<div class=\"ngg-gallery-thumbnail\">\n\t\t\t<a href=\"https:\/\/ilsez-art.de\/wp-content\/gallery\/aquarell\/20240816_031716-aW.jpg\"\n\t\t\t\ttitle=\"Segelschiff \/ Meer, Baumwollpapier 300g\"\n\t\t\t\tdata-src=\"https:\/\/ilsez-art.de\/wp-content\/gallery\/aquarell\/20240816_031716-aW.jpg\"\n\t\t\t\tdata-thumbnail=\"https:\/\/ilsez-art.de\/wp-content\/gallery\/aquarell\/thumbs\/thumbs_20240816_031716-aW.jpg\"\n\t\t\t\tdata-image-id=\"523\"\n\t\t\t\tdata-title=\"Segelboot\"\n\t\t\t\tdata-description=\"Segelschiff \/ Meer, Baumwollpapier 300g\"\n\t\t\t\tdata-image-slug=\"20240816_031716-aw\"\n\t\t\t\tclass=\"ngg-fancybox\" rel=\"919bda7b35c8373fa8103563f4ebc305\">\n\t\t\t\t<img\n\t\t\t\t\ttitle=\"Segelboot\"\n\t\t\t\t\talt=\"Segelboot\"\n\t\t\t\t\tsrc=\"https:\/\/ilsez-art.de\/wp-content\/gallery\/aquarell\/thumbs\/thumbs_20240816_031716-aW.jpg\"\n\t\t\t\t\twidth=\"120\"\n\t\t\t\t\theight=\"90\"\n\t\t\t\t\tstyle=\"max-width:100%;\"\n\t\t\t\t\/>\n\t\t\t<\/a>\n\t\t<\/div>\n\t\t\t\t\t\t\t<\/div>\n\t\t\t\n\t\t\n\t\t\t\t<div id=\"ngg-image-11\" class=\"ngg-gallery-thumbnail-box\"\n\t\t\t\t\t\t\t\t\t\t\t>\n\t\t\t\t\t\t<div class=\"ngg-gallery-thumbnail\">\n\t\t\t<a href=\"https:\/\/ilsez-art.de\/wp-content\/gallery\/aquarell\/20240814_232553-aW.jpg\"\n\t\t\t\ttitle=\"Kleinstadt \/ Meer, Baumwollpapier 300g\"\n\t\t\t\tdata-src=\"https:\/\/ilsez-art.de\/wp-content\/gallery\/aquarell\/20240814_232553-aW.jpg\"\n\t\t\t\tdata-thumbnail=\"https:\/\/ilsez-art.de\/wp-content\/gallery\/aquarell\/thumbs\/thumbs_20240814_232553-aW.jpg\"\n\t\t\t\tdata-image-id=\"524\"\n\t\t\t\tdata-title=\"Kleinstadt am Meer\"\n\t\t\t\tdata-description=\"Kleinstadt \/ Meer, Baumwollpapier 300g\"\n\t\t\t\tdata-image-slug=\"20240814_232553-aw\"\n\t\t\t\tclass=\"ngg-fancybox\" rel=\"919bda7b35c8373fa8103563f4ebc305\">\n\t\t\t\t<img\n\t\t\t\t\ttitle=\"Kleinstadt am Meer\"\n\t\t\t\t\talt=\"Kleinstadt am Meer\"\n\t\t\t\t\tsrc=\"https:\/\/ilsez-art.de\/wp-content\/gallery\/aquarell\/thumbs\/thumbs_20240814_232553-aW.jpg\"\n\t\t\t\t\twidth=\"120\"\n\t\t\t\t\theight=\"90\"\n\t\t\t\t\tstyle=\"max-width:100%;\"\n\t\t\t\t\/>\n\t\t\t<\/a>\n\t\t<\/div>\n\t\t\t\t\t\t\t<\/div>\n\t\t\t\n\t\t\n\t\t\t\t<div id=\"ngg-image-12\" class=\"ngg-gallery-thumbnail-box\"\n\t\t\t\t\t\t\t\t\t\t\t>\n\t\t\t\t\t\t<div class=\"ngg-gallery-thumbnail\">\n\t\t\t<a href=\"https:\/\/ilsez-art.de\/wp-content\/gallery\/aquarell\/20240814_225200-aW.jpg\"\n\t\t\t\ttitle=\"Seestern \/ Meer Aquarell-Baumwollpapier 300g\"\n\t\t\t\tdata-src=\"https:\/\/ilsez-art.de\/wp-content\/gallery\/aquarell\/20240814_225200-aW.jpg\"\n\t\t\t\tdata-thumbnail=\"https:\/\/ilsez-art.de\/wp-content\/gallery\/aquarell\/thumbs\/thumbs_20240814_225200-aW.jpg\"\n\t\t\t\tdata-image-id=\"525\"\n\t\t\t\tdata-title=\"Seestern\"\n\t\t\t\tdata-description=\"Seestern \/ Meer Aquarell-Baumwollpapier 300g\"\n\t\t\t\tdata-image-slug=\"20240814_225200-aw\"\n\t\t\t\tclass=\"ngg-fancybox\" rel=\"919bda7b35c8373fa8103563f4ebc305\">\n\t\t\t\t<img\n\t\t\t\t\ttitle=\"Seestern\"\n\t\t\t\t\talt=\"Seestern\"\n\t\t\t\t\tsrc=\"https:\/\/ilsez-art.de\/wp-content\/gallery\/aquarell\/thumbs\/thumbs_20240814_225200-aW.jpg\"\n\t\t\t\t\twidth=\"120\"\n\t\t\t\t\theight=\"90\"\n\t\t\t\t\tstyle=\"max-width:100%;\"\n\t\t\t\t\/>\n\t\t\t<\/a>\n\t\t<\/div>\n\t\t\t\t\t\t\t<\/div>\n\t\t\t\n\t\t\n\t\t\t\t<div id=\"ngg-image-13\" class=\"ngg-gallery-thumbnail-box\"\n\t\t\t\t\t\t\t\t\t\t\t>\n\t\t\t\t\t\t<div class=\"ngg-gallery-thumbnail\">\n\t\t\t<a href=\"https:\/\/ilsez-art.de\/wp-content\/gallery\/aquarell\/Meise2-a.JPG\"\n\t\t\t\ttitle=\"Meise, Aquarellpapier 300 g, 30x40cm\"\n\t\t\t\tdata-src=\"https:\/\/ilsez-art.de\/wp-content\/gallery\/aquarell\/Meise2-a.JPG\"\n\t\t\t\tdata-thumbnail=\"https:\/\/ilsez-art.de\/wp-content\/gallery\/aquarell\/thumbs\/thumbs_Meise2-a.JPG\"\n\t\t\t\tdata-image-id=\"535\"\n\t\t\t\tdata-title=\"Meise\"\n\t\t\t\tdata-description=\"Meise, Aquarellpapier 300 g, 30x40cm\"\n\t\t\t\tdata-image-slug=\"meise2-a\"\n\t\t\t\tclass=\"ngg-fancybox\" rel=\"919bda7b35c8373fa8103563f4ebc305\">\n\t\t\t\t<img\n\t\t\t\t\ttitle=\"Meise\"\n\t\t\t\t\talt=\"Meise\"\n\t\t\t\t\tsrc=\"https:\/\/ilsez-art.de\/wp-content\/gallery\/aquarell\/thumbs\/thumbs_Meise2-a.JPG\"\n\t\t\t\t\twidth=\"120\"\n\t\t\t\t\theight=\"90\"\n\t\t\t\t\tstyle=\"max-width:100%;\"\n\t\t\t\t\/>\n\t\t\t<\/a>\n\t\t<\/div>\n\t\t\t\t\t\t\t<\/div>\n\t\t\t\n\t\t\n\t\t\t\t<div id=\"ngg-image-14\" class=\"ngg-gallery-thumbnail-box\"\n\t\t\t\t\t\t\t\t\t\t\t>\n\t\t\t\t\t\t<div class=\"ngg-gallery-thumbnail\">\n\t\t\t<a href=\"https:\/\/ilsez-art.de\/wp-content\/gallery\/aquarell\/Fuchs2-a.JPG\"\n\t\t\t\ttitle=\"Fuchs, Aquarellpapier 300g 30x40cm\"\n\t\t\t\tdata-src=\"https:\/\/ilsez-art.de\/wp-content\/gallery\/aquarell\/Fuchs2-a.JPG\"\n\t\t\t\tdata-thumbnail=\"https:\/\/ilsez-art.de\/wp-content\/gallery\/aquarell\/thumbs\/thumbs_Fuchs2-a.JPG\"\n\t\t\t\tdata-image-id=\"536\"\n\t\t\t\tdata-title=\"Fuchs2-a\"\n\t\t\t\tdata-description=\"Fuchs, Aquarellpapier 300g 30x40cm\"\n\t\t\t\tdata-image-slug=\"fuchs2-a\"\n\t\t\t\tclass=\"ngg-fancybox\" rel=\"919bda7b35c8373fa8103563f4ebc305\">\n\t\t\t\t<img\n\t\t\t\t\ttitle=\"Fuchs2-a\"\n\t\t\t\t\talt=\"Fuchs2-a\"\n\t\t\t\t\tsrc=\"https:\/\/ilsez-art.de\/wp-content\/gallery\/aquarell\/thumbs\/thumbs_Fuchs2-a.JPG\"\n\t\t\t\t\twidth=\"120\"\n\t\t\t\t\theight=\"90\"\n\t\t\t\t\tstyle=\"max-width:100%;\"\n\t\t\t\t\/>\n\t\t\t<\/a>\n\t\t<\/div>\n\t\t\t\t\t\t\t<\/div>\n\t\t\t\n\t\t\n\t\t\t\t<div id=\"ngg-image-15\" class=\"ngg-gallery-thumbnail-box\"\n\t\t\t\t\t\t\t\t\t\t\t>\n\t\t\t\t\t\t<div class=\"ngg-gallery-thumbnail\">\n\t\t\t<a href=\"https:\/\/ilsez-art.de\/wp-content\/gallery\/aquarell\/Eichelhaeher2.jpg\"\n\t\t\t\ttitle=\"Eichelh\u00e4her, Aquarellpapier 300g 30x40cm\"\n\t\t\t\tdata-src=\"https:\/\/ilsez-art.de\/wp-content\/gallery\/aquarell\/Eichelhaeher2.jpg\"\n\t\t\t\tdata-thumbnail=\"https:\/\/ilsez-art.de\/wp-content\/gallery\/aquarell\/thumbs\/thumbs_Eichelhaeher2.jpg\"\n\t\t\t\tdata-image-id=\"538\"\n\t\t\t\tdata-title=\"Eichelh\u00e4her\"\n\t\t\t\tdata-description=\"Eichelh\u00e4her, Aquarellpapier 300g 30x40cm\"\n\t\t\t\tdata-image-slug=\"eichelhaeher2\"\n\t\t\t\tclass=\"ngg-fancybox\" rel=\"919bda7b35c8373fa8103563f4ebc305\">\n\t\t\t\t<img\n\t\t\t\t\ttitle=\"Eichelh\u00e4her\"\n\t\t\t\t\talt=\"Eichelh\u00e4her\"\n\t\t\t\t\tsrc=\"https:\/\/ilsez-art.de\/wp-content\/gallery\/aquarell\/thumbs\/thumbs_Eichelhaeher2.jpg\"\n\t\t\t\t\twidth=\"120\"\n\t\t\t\t\theight=\"90\"\n\t\t\t\t\tstyle=\"max-width:100%;\"\n\t\t\t\t\/>\n\t\t\t<\/a>\n\t\t<\/div>\n\t\t\t\t\t\t\t<\/div>\n\t\t\t\n\t\t\n\t\t\t\t<div id=\"ngg-image-16\" class=\"ngg-gallery-thumbnail-box\"\n\t\t\t\t\t\t\t\t\t\t\t>\n\t\t\t\t\t\t<div class=\"ngg-gallery-thumbnail\">\n\t\t\t<a href=\"https:\/\/ilsez-art.de\/wp-content\/gallery\/aquarell\/Am-See.JPG\"\n\t\t\t\ttitle=\"Am See, Aquarellpapier 300g 30x40cm\"\n\t\t\t\tdata-src=\"https:\/\/ilsez-art.de\/wp-content\/gallery\/aquarell\/Am-See.JPG\"\n\t\t\t\tdata-thumbnail=\"https:\/\/ilsez-art.de\/wp-content\/gallery\/aquarell\/thumbs\/thumbs_Am-See.JPG\"\n\t\t\t\tdata-image-id=\"539\"\n\t\t\t\tdata-title=\"Kutter am stillen See\"\n\t\t\t\tdata-description=\"Am See, Aquarellpapier 300g 30x40cm\"\n\t\t\t\tdata-image-slug=\"am-see\"\n\t\t\t\tclass=\"ngg-fancybox\" rel=\"919bda7b35c8373fa8103563f4ebc305\">\n\t\t\t\t<img\n\t\t\t\t\ttitle=\"Kutter am stillen See\"\n\t\t\t\t\talt=\"Kutter am stillen See\"\n\t\t\t\t\tsrc=\"https:\/\/ilsez-art.de\/wp-content\/gallery\/aquarell\/thumbs\/thumbs_Am-See.JPG\"\n\t\t\t\t\twidth=\"120\"\n\t\t\t\t\theight=\"90\"\n\t\t\t\t\tstyle=\"max-width:100%;\"\n\t\t\t\t\/>\n\t\t\t<\/a>\n\t\t<\/div>\n\t\t\t\t\t\t\t<\/div>\n\t\t\t\n\t\t\n\t\t\t\t<div id=\"ngg-image-17\" class=\"ngg-gallery-thumbnail-box\"\n\t\t\t\t\t\t\t\t\t\t\t>\n\t\t\t\t\t\t<div class=\"ngg-gallery-thumbnail\">\n\t\t\t<a href=\"https:\/\/ilsez-art.de\/wp-content\/gallery\/aquarell\/Rapsfeld2.jpg\"\n\t\t\t\ttitle=\"Rapsfeld bei Villmar, Aquarellpapier 300g 30x40cm\"\n\t\t\t\tdata-src=\"https:\/\/ilsez-art.de\/wp-content\/gallery\/aquarell\/Rapsfeld2.jpg\"\n\t\t\t\tdata-thumbnail=\"https:\/\/ilsez-art.de\/wp-content\/gallery\/aquarell\/thumbs\/thumbs_Rapsfeld2.jpg\"\n\t\t\t\tdata-image-id=\"540\"\n\t\t\t\tdata-title=\"Rapsfeld\"\n\t\t\t\tdata-description=\"Rapsfeld bei Villmar, Aquarellpapier 300g 30x40cm\"\n\t\t\t\tdata-image-slug=\"rapsfeld2\"\n\t\t\t\tclass=\"ngg-fancybox\" rel=\"919bda7b35c8373fa8103563f4ebc305\">\n\t\t\t\t<img\n\t\t\t\t\ttitle=\"Rapsfeld\"\n\t\t\t\t\talt=\"Rapsfeld\"\n\t\t\t\t\tsrc=\"https:\/\/ilsez-art.de\/wp-content\/gallery\/aquarell\/thumbs\/thumbs_Rapsfeld2.jpg\"\n\t\t\t\t\twidth=\"120\"\n\t\t\t\t\theight=\"90\"\n\t\t\t\t\tstyle=\"max-width:100%;\"\n\t\t\t\t\/>\n\t\t\t<\/a>\n\t\t<\/div>\n\t\t\t\t\t\t\t<\/div>\n\t\t\t\n\t\t\n\t\t\t\t<div id=\"ngg-image-18\" class=\"ngg-gallery-thumbnail-box\"\n\t\t\t\t\t\t\t\t\t\t\t>\n\t\t\t\t\t\t<div class=\"ngg-gallery-thumbnail\">\n\t\t\t<a href=\"https:\/\/ilsez-art.de\/wp-content\/gallery\/aquarell\/Nebel2018-a.JPG\"\n\t\t\t\ttitle=\"Nebel, Aquarellpapier 300g\"\n\t\t\t\tdata-src=\"https:\/\/ilsez-art.de\/wp-content\/gallery\/aquarell\/Nebel2018-a.JPG\"\n\t\t\t\tdata-thumbnail=\"https:\/\/ilsez-art.de\/wp-content\/gallery\/aquarell\/thumbs\/thumbs_Nebel2018-a.JPG\"\n\t\t\t\tdata-image-id=\"541\"\n\t\t\t\tdata-title=\"Nebel\"\n\t\t\t\tdata-description=\"Nebel, Aquarellpapier 300g\"\n\t\t\t\tdata-image-slug=\"nebel2018-a\"\n\t\t\t\tclass=\"ngg-fancybox\" rel=\"919bda7b35c8373fa8103563f4ebc305\">\n\t\t\t\t<img\n\t\t\t\t\ttitle=\"Nebel\"\n\t\t\t\t\talt=\"Nebel\"\n\t\t\t\t\tsrc=\"https:\/\/ilsez-art.de\/wp-content\/gallery\/aquarell\/thumbs\/thumbs_Nebel2018-a.JPG\"\n\t\t\t\t\twidth=\"120\"\n\t\t\t\t\theight=\"90\"\n\t\t\t\t\tstyle=\"max-width:100%;\"\n\t\t\t\t\/>\n\t\t\t<\/a>\n\t\t<\/div>\n\t\t\t\t\t\t\t<\/div>\n\t\t\t\n\t\t\n\t\t\t\t<div id=\"ngg-image-19\" class=\"ngg-gallery-thumbnail-box\"\n\t\t\t\t\t\t\t\t\t\t\t>\n\t\t\t\t\t\t<div class=\"ngg-gallery-thumbnail\">\n\t\t\t<a href=\"https:\/\/ilsez-art.de\/wp-content\/gallery\/aquarell\/Ruegener-Nordstrand2.JPG\"\n\t\t\t\ttitle=\"R\u00fcgen, Aquarellpapier 300g, 30x40cm\"\n\t\t\t\tdata-src=\"https:\/\/ilsez-art.de\/wp-content\/gallery\/aquarell\/Ruegener-Nordstrand2.JPG\"\n\t\t\t\tdata-thumbnail=\"https:\/\/ilsez-art.de\/wp-content\/gallery\/aquarell\/thumbs\/thumbs_Ruegener-Nordstrand2.JPG\"\n\t\t\t\tdata-image-id=\"542\"\n\t\t\t\tdata-title=\"R\u00fcgener-Nordstrand\"\n\t\t\t\tdata-description=\"R\u00fcgen, Aquarellpapier 300g, 30x40cm\"\n\t\t\t\tdata-image-slug=\"ruegener-nordstrand2\"\n\t\t\t\tclass=\"ngg-fancybox\" rel=\"919bda7b35c8373fa8103563f4ebc305\">\n\t\t\t\t<img\n\t\t\t\t\ttitle=\"R\u00fcgener-Nordstrand\"\n\t\t\t\t\talt=\"R\u00fcgener-Nordstrand\"\n\t\t\t\t\tsrc=\"https:\/\/ilsez-art.de\/wp-content\/gallery\/aquarell\/thumbs\/thumbs_Ruegener-Nordstrand2.JPG\"\n\t\t\t\t\twidth=\"120\"\n\t\t\t\t\theight=\"90\"\n\t\t\t\t\tstyle=\"max-width:100%;\"\n\t\t\t\t\/>\n\t\t\t<\/a>\n\t\t<\/div>\n\t\t\t\t\t\t\t<\/div>\n\t\t\t\n\t\t\n\t\t\n\t\t<!-- Pagination -->\n\t\t<div class='ngg-navigation'><span class='current'>1<\/span>\n<a class='page-numbers' data-pageid='2' href='https:\/\/ilsez-art.de\/index.php\/nggallery\/page\/2?page_id=79'>2<\/a>\n<a class='page-numbers' data-pageid='3' href='https:\/\/ilsez-art.de\/index.php\/nggallery\/page\/3?page_id=79'>3<\/a>\n<a class='prev' href='https:\/\/ilsez-art.de\/index.php\/nggallery\/page\/2?page_id=79' data-pageid=2>&#9658;<\/a><\/div>\t<\/div>\n<\/p>\n","protected":false},"excerpt":{"rendered":"<p>Gemalt nach eigenen oder genehmigten Fotos. Zart und vertr\u00e4umt, kr\u00e4ftig und lebendig k\u00f6nnen meine Aquarelle sein. Es sind Bilder, so vielf\u00e4ltig wie die Natur. Die Originale wurden auf Aquarellpapier 300g\/m\u00b2 gemalt und mit Passepartout (ca. 5cm breit) versehen. Die Bildgr\u00f6\u00dfenangaben sind ohne Passepartout und Rahmen. Ein sch\u00f6nes Aquarell zu malen, fasziniert mich immer wieder aufs &hellip; <a href=\"https:\/\/ilsez-art.de\/?page_id=79\" class=\"more-link\"><span class=\"screen-reader-text\">Aquarelle<\/span> weiterlesen <span class=\"meta-nav\">&rarr;<\/span><\/a><\/p>\n","protected":false},"author":1,"featured_media":0,"parent":0,"menu_order":0,"comment_status":"open","ping_status":"closed","template":"","meta":{"ngg_post_thumbnail":0,"footnotes":""},"class_list":["post-79","page","type-page","status-publish","hentry"],"_links":{"self":[{"href":"https:\/\/ilsez-art.de\/index.php?rest_route=\/wp\/v2\/pages\/79","targetHints":{"allow":["GET"]}}],"collection":[{"href":"https:\/\/ilsez-art.de\/index.php?rest_route=\/wp\/v2\/pages"}],"about":[{"href":"https:\/\/ilsez-art.de\/index.php?rest_route=\/wp\/v2\/types\/page"}],"author":[{"embeddable":true,"href":"https:\/\/ilsez-art.de\/index.php?rest_route=\/wp\/v2\/users\/1"}],"replies":[{"embeddable":true,"href":"https:\/\/ilsez-art.de\/index.php?rest_route=%2Fwp%2Fv2%2Fcomments&post=79"}],"version-history":[{"count":8,"href":"https:\/\/ilsez-art.de\/index.php?rest_route=\/wp\/v2\/pages\/79\/revisions"}],"predecessor-version":[{"id":1084,"href":"https:\/\/ilsez-art.de\/index.php?rest_route=\/wp\/v2\/pages\/79\/revisions\/1084"}],"wp:attachment":[{"href":"https:\/\/ilsez-art.de\/index.php?rest_route=%2Fwp%2Fv2%2Fmedia&parent=79"}],"curies":[{"name":"wp","href":"https:\/\/api.w.org\/{rel}","templated":true}]}}