{"id":1748,"date":"2022-12-17T23:07:36","date_gmt":"2022-12-17T21:07:36","guid":{"rendered":"https:\/\/ilsez-art.de\/?page_id=1748"},"modified":"2025-04-17T20:29:08","modified_gmt":"2025-04-17T18:29:08","slug":"zentangle-inspired-art","status":"publish","type":"page","link":"https:\/\/ilsez-art.de\/?page_id=1748","title":{"rendered":"Zentangle (inspirierte Kunst)"},"content":{"rendered":"\n<h2 class=\"wp-block-heading\"><strong>Zeichnen mit positiver Auswirkung auf die Gesundheit.<\/strong><\/h2>\n\n\n\n<p>Wer kennt es nicht? Man h\u00f6rt jemanden intensiv zu und f\u00e4ngt dann an auf einem Zettel oder Block gedankenverloren zu kritzeln. Dabei entstehen die vielf\u00e4ltigsten Muster durch Strichwiederholungen, die eine beruhigende Wirkung auf uns haben.<\/p>\n\n\n\n<p>Dieses befreiende Kritzeln kann sich zu Kunstwerken entwickeln. Zentangle ist befreiende und inspirierende Kunst mit st\u00e4ndig wiederholende Formen. Diese tollen Muster sind meist abstrakt. Wenn man eine bestimmte Form in kleine Felder teilt und dann mit Muster ausf\u00fcllt, dann spricht man von Zentangle <strong>zentangle inspired art.<\/strong><\/p>\n\n\n\n<p>Zentangle setzt sich zusammen aus Zen (Mediation, freies arbeiten) und tangles (Gewirr). Hier wird Entspannung und Zeichnen zusammengef\u00fchrt. Sich entspannt hinzusetzen, ohne Druck etwas zu zeichnen und nur ein kleines St\u00fcck Papier f\u00fcllen zu wollen hat auf den Geist und K\u00f6rper vieler Menschen einen so starken Effekt, dass es ihr Leben ver\u00e4ndert.<\/p>\n\n\n\n<p>Tanglen f\u00f6rdert Kreativit\u00e4t, Konzentration, Ausgeglichenheit und Entspannung.. Dadurch werden auch Muskelverspannungen gel\u00f6st. Ich habe es selbst ausprobiert und kann es jedem empfehlen. Auch f\u00fcr Anf\u00e4nger ist diese Maltechnik sehr gut geeignet. Man muss also nicht schon malen k\u00f6nnen. Sorgen Sie f\u00fcr ein ruhiges Umfeld, einen bequemen Sitzplatz und schon kann es mit Fineliner, Bleistift und Papier losgehen.<\/p>\n\n\n\nngg_shortcode_0_placeholder\n","protected":false},"excerpt":{"rendered":"<p>Zeichnen mit positiver Auswirkung auf die Gesundheit. Wer kennt es nicht? Man h\u00f6rt jemanden intensiv zu und f\u00e4ngt dann an auf einem Zettel oder Block gedankenverloren zu kritzeln. Dabei entstehen die vielf\u00e4ltigsten Muster durch Strichwiederholungen, die eine beruhigende Wirkung auf uns haben. Dieses befreiende Kritzeln kann sich zu Kunstwerken entwickeln. Zentangle ist befreiende und inspirierende &hellip; <a href=\"https:\/\/ilsez-art.de\/?page_id=1748\" class=\"more-link\"><span class=\"screen-reader-text\">Zentangle (inspirierte Kunst)<\/span> weiterlesen <span class=\"meta-nav\">&rarr;<\/span><\/a><\/p>\n","protected":false},"author":2,"featured_media":0,"parent":0,"menu_order":0,"comment_status":"closed","ping_status":"closed","template":"","meta":{"ngg_post_thumbnail":0,"footnotes":""},"class_list":["post-1748","page","type-page","status-publish","hentry"],"_links":{"self":[{"href":"https:\/\/ilsez-art.de\/index.php?rest_route=\/wp\/v2\/pages\/1748","targetHints":{"allow":["GET"]}}],"collection":[{"href":"https:\/\/ilsez-art.de\/index.php?rest_route=\/wp\/v2\/pages"}],"about":[{"href":"https:\/\/ilsez-art.de\/index.php?rest_route=\/wp\/v2\/types\/page"}],"author":[{"embeddable":true,"href":"https:\/\/ilsez-art.de\/index.php?rest_route=\/wp\/v2\/users\/2"}],"replies":[{"embeddable":true,"href":"https:\/\/ilsez-art.de\/index.php?rest_route=%2Fwp%2Fv2%2Fcomments&post=1748"}],"version-history":[{"count":3,"href":"https:\/\/ilsez-art.de\/index.php?rest_route=\/wp\/v2\/pages\/1748\/revisions"}],"predecessor-version":[{"id":2390,"href":"https:\/\/ilsez-art.de\/index.php?rest_route=\/wp\/v2\/pages\/1748\/revisions\/2390"}],"wp:attachment":[{"href":"https:\/\/ilsez-art.de\/index.php?rest_route=%2Fwp%2Fv2%2Fmedia&parent=1748"}],"curies":[{"name":"wp","href":"https:\/\/api.w.org\/{rel}","templated":true}]}}