{"id":1290,"date":"2018-11-10T17:21:43","date_gmt":"2018-11-10T15:21:43","guid":{"rendered":"http:\/\/ilsez-art.de\/?page_id=1290"},"modified":"2018-11-24T19:18:43","modified_gmt":"2018-11-24T17:18:43","slug":"trauerkarten","status":"publish","type":"page","link":"https:\/\/ilsez-art.de\/?page_id=1290","title":{"rendered":"Trauerkarten"},"content":{"rendered":"<p>Pers\u00f6nlich Abschied nehmen mit einer stilvollen Trauerkarte, die es sonst nirgends gibt!<\/p>\n<p>Die Karten sind 18,2\u00d711,7cm gro\u00df und werden auf 235g\/m\u00b2 Glanzpapier gedruckt.\u00a0 Gr\u00f6\u00dfen- oder Druckabweichungen werden bei den jeweiligen Kartenbeschreibungen angegeben.<\/p>\n<p>&nbsp;<\/p>\n<p>&nbsp;<\/p>\nngg_shortcode_0_placeholder\n","protected":false},"excerpt":{"rendered":"<p>Pers\u00f6nlich Abschied nehmen mit einer stilvollen Trauerkarte, die es sonst nirgends gibt! Die Karten sind 18,2\u00d711,7cm gro\u00df und werden auf 235g\/m\u00b2 Glanzpapier gedruckt.\u00a0 Gr\u00f6\u00dfen- oder Druckabweichungen werden bei den jeweiligen Kartenbeschreibungen angegeben. &nbsp; &nbsp;<\/p>\n","protected":false},"author":2,"featured_media":0,"parent":0,"menu_order":0,"comment_status":"closed","ping_status":"closed","template":"","meta":{"ngg_post_thumbnail":0,"footnotes":""},"class_list":["post-1290","page","type-page","status-publish","hentry"],"_links":{"self":[{"href":"https:\/\/ilsez-art.de\/index.php?rest_route=\/wp\/v2\/pages\/1290","targetHints":{"allow":["GET"]}}],"collection":[{"href":"https:\/\/ilsez-art.de\/index.php?rest_route=\/wp\/v2\/pages"}],"about":[{"href":"https:\/\/ilsez-art.de\/index.php?rest_route=\/wp\/v2\/types\/page"}],"author":[{"embeddable":true,"href":"https:\/\/ilsez-art.de\/index.php?rest_route=\/wp\/v2\/users\/2"}],"replies":[{"embeddable":true,"href":"https:\/\/ilsez-art.de\/index.php?rest_route=%2Fwp%2Fv2%2Fcomments&post=1290"}],"version-history":[{"count":5,"href":"https:\/\/ilsez-art.de\/index.php?rest_route=\/wp\/v2\/pages\/1290\/revisions"}],"predecessor-version":[{"id":1336,"href":"https:\/\/ilsez-art.de\/index.php?rest_route=\/wp\/v2\/pages\/1290\/revisions\/1336"}],"wp:attachment":[{"href":"https:\/\/ilsez-art.de\/index.php?rest_route=%2Fwp%2Fv2%2Fmedia&parent=1290"}],"curies":[{"name":"wp","href":"https:\/\/api.w.org\/{rel}","templated":true}]}}