{"id":1284,"date":"2018-11-10T17:21:00","date_gmt":"2018-11-10T15:21:00","guid":{"rendered":"http:\/\/ilsez-art.de\/?page_id=1284"},"modified":"2018-11-24T19:20:14","modified_gmt":"2018-11-24T17:20:14","slug":"postkarten","status":"publish","type":"page","link":"https:\/\/ilsez-art.de\/?page_id=1284","title":{"rendered":"Postkarten"},"content":{"rendered":"<p><strong>Trotz digitaler Welt, freut sich jeder \u00fcber die gute alte Post- oder Ansichtskarte. <\/strong><\/p>\n<p>Bei den vielen technischen Neuerungen bekommt die Postkarte wieder etwas Pers\u00f6nliches. \u00dcber selbst ausgesuchte und handgeschriebene Karten freut man sich heute mehr als fr\u00fcher. Wer heute eine Postkarte schreibt, sagt dem Empf\u00e4nger: Du bist es mir wert, dass ich an dich denke und dir eine Karte schreibe. Au\u00dferdem sind die meisten rechteckigen Postkarte, meist aus Karton, auch eine M\u00f6glichkeit (mit kleinen Portokosten) auf sich aufmerksam zu\u00a0 machen.<\/p>\n<p><strong><em>Eines haben die Ansichtskarten dabei immer gemeinsam: Sie l\u00f6sen ein bestimmtes Gef\u00fchl in uns aus. Und das schon seit vielen Jahren.<\/em><\/strong><\/p>\n<p>Meine <strong>Post- oder Ansichtskarte<\/strong> ist eine Postkarte (10,5&#215;13.9cm) mit einem Bilddruck (Glanzdruck) auf der Vorderseite und auf der R\u00fcckseite hat sie ein Adressfeld und ein Feld f\u00fcr\u00a0 Nachricht\u2026. Egal ob\u00a0 f\u00fcr Gr\u00fc\u00dfe, Einladungen oder als \u00dcberraschungseffekt benutzt\u2026..sie wird immer willkommen sein.<\/p>\n<p>&nbsp;<\/p>\nngg_shortcode_0_placeholder\n","protected":false},"excerpt":{"rendered":"<p>Trotz digitaler Welt, freut sich jeder \u00fcber die gute alte Post- oder Ansichtskarte. Bei den vielen technischen Neuerungen bekommt die Postkarte wieder etwas Pers\u00f6nliches. \u00dcber selbst ausgesuchte und handgeschriebene Karten freut man sich heute mehr als fr\u00fcher. Wer heute eine Postkarte schreibt, sagt dem Empf\u00e4nger: Du bist es mir wert, dass ich an dich denke &hellip; <a href=\"https:\/\/ilsez-art.de\/?page_id=1284\" class=\"more-link\"><span class=\"screen-reader-text\">Postkarten<\/span> weiterlesen <span class=\"meta-nav\">&rarr;<\/span><\/a><\/p>\n","protected":false},"author":2,"featured_media":1311,"parent":0,"menu_order":0,"comment_status":"closed","ping_status":"closed","template":"","meta":{"ngg_post_thumbnail":0,"footnotes":""},"class_list":["post-1284","page","type-page","status-publish","has-post-thumbnail","hentry"],"_links":{"self":[{"href":"https:\/\/ilsez-art.de\/index.php?rest_route=\/wp\/v2\/pages\/1284","targetHints":{"allow":["GET"]}}],"collection":[{"href":"https:\/\/ilsez-art.de\/index.php?rest_route=\/wp\/v2\/pages"}],"about":[{"href":"https:\/\/ilsez-art.de\/index.php?rest_route=\/wp\/v2\/types\/page"}],"author":[{"embeddable":true,"href":"https:\/\/ilsez-art.de\/index.php?rest_route=\/wp\/v2\/users\/2"}],"replies":[{"embeddable":true,"href":"https:\/\/ilsez-art.de\/index.php?rest_route=%2Fwp%2Fv2%2Fcomments&post=1284"}],"version-history":[{"count":7,"href":"https:\/\/ilsez-art.de\/index.php?rest_route=\/wp\/v2\/pages\/1284\/revisions"}],"predecessor-version":[{"id":1337,"href":"https:\/\/ilsez-art.de\/index.php?rest_route=\/wp\/v2\/pages\/1284\/revisions\/1337"}],"wp:featuredmedia":[{"embeddable":true,"href":"https:\/\/ilsez-art.de\/index.php?rest_route=\/wp\/v2\/media\/1311"}],"wp:attachment":[{"href":"https:\/\/ilsez-art.de\/index.php?rest_route=%2Fwp%2Fv2%2Fmedia&parent=1284"}],"curies":[{"name":"wp","href":"https:\/\/api.w.org\/{rel}","templated":true}]}}