{"id":1280,"date":"2018-11-10T17:17:45","date_gmt":"2018-11-10T15:17:45","guid":{"rendered":"http:\/\/ilsez-art.de\/?page_id=1280"},"modified":"2018-11-24T19:22:39","modified_gmt":"2018-11-24T17:22:39","slug":"grusskarten-glueckwunsch","status":"publish","type":"page","link":"https:\/\/ilsez-art.de\/?page_id=1280","title":{"rendered":"Gru\u00dfkarten &#038; Gl\u00fcckwunsch"},"content":{"rendered":"<p>Liebevolle und einzigartige Motive f\u00fcr besondere\u00a0 Momente im Leben! Ob als Einladung zur n\u00e4chsten liebevollen Party oder Kaffeekr\u00e4nzchen, oder f\u00fcr Geburtstage \u2026.. ganz besondere Klappkarten, von meinen eigenen Mal-Motiven, habe ich drucken lassen.<\/p>\n<p>Diese Motive wurden f\u00fcr verschiedene Anl\u00e4sse ausgesucht. Ich habe hier eine kleine Auswahl getroffen, die nicht nur zum Geburtstag geeignet ist. \u00a0 Die Klappkarten sind 18,2\u00d711,7cm gro\u00df und werden auf 235g\/m\u00b2 Glanzpapier gedruckt. Abweichungen werden bei den jeweiligen Kartenbeschreibungen angegeben. Wer sich f\u00fcr diese Karten interessiert, kann mir gerne eine Mail schicken&#8230;..<\/p>\n<p>&nbsp;<\/p>\nngg_shortcode_0_placeholder\n","protected":false},"excerpt":{"rendered":"<p>Liebevolle und einzigartige Motive f\u00fcr besondere\u00a0 Momente im Leben! Ob als Einladung zur n\u00e4chsten liebevollen Party oder Kaffeekr\u00e4nzchen, oder f\u00fcr Geburtstage \u2026.. ganz besondere Klappkarten, von meinen eigenen Mal-Motiven, habe ich drucken lassen. Diese Motive wurden f\u00fcr verschiedene Anl\u00e4sse ausgesucht. Ich habe hier eine kleine Auswahl getroffen, die nicht nur zum Geburtstag geeignet ist. \u00a0 &hellip; <a href=\"https:\/\/ilsez-art.de\/?page_id=1280\" class=\"more-link\"><span class=\"screen-reader-text\">Gru\u00dfkarten &#038; Gl\u00fcckwunsch<\/span> weiterlesen <span class=\"meta-nav\">&rarr;<\/span><\/a><\/p>\n","protected":false},"author":2,"featured_media":0,"parent":0,"menu_order":0,"comment_status":"closed","ping_status":"closed","template":"","meta":{"ngg_post_thumbnail":0,"footnotes":""},"class_list":["post-1280","page","type-page","status-publish","hentry"],"_links":{"self":[{"href":"https:\/\/ilsez-art.de\/index.php?rest_route=\/wp\/v2\/pages\/1280","targetHints":{"allow":["GET"]}}],"collection":[{"href":"https:\/\/ilsez-art.de\/index.php?rest_route=\/wp\/v2\/pages"}],"about":[{"href":"https:\/\/ilsez-art.de\/index.php?rest_route=\/wp\/v2\/types\/page"}],"author":[{"embeddable":true,"href":"https:\/\/ilsez-art.de\/index.php?rest_route=\/wp\/v2\/users\/2"}],"replies":[{"embeddable":true,"href":"https:\/\/ilsez-art.de\/index.php?rest_route=%2Fwp%2Fv2%2Fcomments&post=1280"}],"version-history":[{"count":4,"href":"https:\/\/ilsez-art.de\/index.php?rest_route=\/wp\/v2\/pages\/1280\/revisions"}],"predecessor-version":[{"id":1338,"href":"https:\/\/ilsez-art.de\/index.php?rest_route=\/wp\/v2\/pages\/1280\/revisions\/1338"}],"wp:attachment":[{"href":"https:\/\/ilsez-art.de\/index.php?rest_route=%2Fwp%2Fv2%2Fmedia&parent=1280"}],"curies":[{"name":"wp","href":"https:\/\/api.w.org\/{rel}","templated":true}]}}