{"id":103,"date":"2014-06-04T17:59:52","date_gmt":"2014-06-04T15:59:52","guid":{"rendered":"http:\/\/ilsez-art.de\/?page_id=103"},"modified":"2025-10-22T00:10:37","modified_gmt":"2025-10-21T22:10:37","slug":"presse","status":"publish","type":"page","link":"https:\/\/ilsez-art.de\/?page_id=103","title":{"rendered":"Presse"},"content":{"rendered":"\n<figure class=\"wp-block-gallery has-nested-images columns-default is-cropped wp-block-gallery-1 is-layout-flex wp-block-gallery-is-layout-flex\">\n<figure class=\"wp-block-image size-large\"><a href=\"https:\/\/ilsez-art.de\/wp-content\/uploads\/2025\/10\/NNP-Sept.-2025.png\"><img loading=\"lazy\" decoding=\"async\" width=\"516\" height=\"1024\" data-id=\"2429\" src=\"https:\/\/ilsez-art.de\/wp-content\/uploads\/2025\/10\/NNP-Sept.-2025-516x1024.png\" alt=\"\" class=\"wp-image-2429\" srcset=\"https:\/\/ilsez-art.de\/wp-content\/uploads\/2025\/10\/NNP-Sept.-2025-516x1024.png 516w, https:\/\/ilsez-art.de\/wp-content\/uploads\/2025\/10\/NNP-Sept.-2025-151x300.png 151w, https:\/\/ilsez-art.de\/wp-content\/uploads\/2025\/10\/NNP-Sept.-2025-768x1525.png 768w, https:\/\/ilsez-art.de\/wp-content\/uploads\/2025\/10\/NNP-Sept.-2025-774x1536.png 774w, https:\/\/ilsez-art.de\/wp-content\/uploads\/2025\/10\/NNP-Sept.-2025.png 804w\" sizes=\"auto, (max-width: 516px) 100vw, 516px\" \/><\/a><\/figure>\n<\/figure>\n\n\n\n<h2 class=\"wp-block-heading\">Villmarer Boten &#8211; 24.7.2025<\/h2>\n\n\n\n<figure class=\"wp-block-image size-large is-resized\"><a href=\"https:\/\/ilsez-art.de\/wp-content\/uploads\/2025\/10\/Zeitung-Villmarer-Boten-24.7.2024.png\"><img loading=\"lazy\" decoding=\"async\" width=\"458\" height=\"1024\" src=\"https:\/\/ilsez-art.de\/wp-content\/uploads\/2025\/10\/Zeitung-Villmarer-Boten-24.7.2024-458x1024.png\" alt=\"\" class=\"wp-image-2426\" style=\"width:354px;height:auto\" srcset=\"https:\/\/ilsez-art.de\/wp-content\/uploads\/2025\/10\/Zeitung-Villmarer-Boten-24.7.2024-458x1024.png 458w, https:\/\/ilsez-art.de\/wp-content\/uploads\/2025\/10\/Zeitung-Villmarer-Boten-24.7.2024-134x300.png 134w, https:\/\/ilsez-art.de\/wp-content\/uploads\/2025\/10\/Zeitung-Villmarer-Boten-24.7.2024-768x1716.png 768w, https:\/\/ilsez-art.de\/wp-content\/uploads\/2025\/10\/Zeitung-Villmarer-Boten-24.7.2024-688x1536.png 688w, https:\/\/ilsez-art.de\/wp-content\/uploads\/2025\/10\/Zeitung-Villmarer-Boten-24.7.2024-917x2048.png 917w, https:\/\/ilsez-art.de\/wp-content\/uploads\/2025\/10\/Zeitung-Villmarer-Boten-24.7.2024.png 1128w\" sizes=\"auto, (max-width: 458px) 100vw, 458px\" \/><\/a><\/figure>\n\n\n\n<figure class=\"wp-block-image size-large\"><a href=\"https:\/\/ilsez-art.de\/wp-content\/uploads\/2025\/03\/Zeitung-Villmarer-Boten-24.7.2024.png\"><img loading=\"lazy\" decoding=\"async\" width=\"458\" height=\"1024\" src=\"https:\/\/ilsez-art.de\/wp-content\/uploads\/2025\/03\/Zeitung-Villmarer-Boten-24.7.2024-458x1024.png\" alt=\"\" class=\"wp-image-2364\" srcset=\"https:\/\/ilsez-art.de\/wp-content\/uploads\/2025\/03\/Zeitung-Villmarer-Boten-24.7.2024-458x1024.png 458w, https:\/\/ilsez-art.de\/wp-content\/uploads\/2025\/03\/Zeitung-Villmarer-Boten-24.7.2024-134x300.png 134w, https:\/\/ilsez-art.de\/wp-content\/uploads\/2025\/03\/Zeitung-Villmarer-Boten-24.7.2024-768x1716.png 768w, https:\/\/ilsez-art.de\/wp-content\/uploads\/2025\/03\/Zeitung-Villmarer-Boten-24.7.2024-688x1536.png 688w, https:\/\/ilsez-art.de\/wp-content\/uploads\/2025\/03\/Zeitung-Villmarer-Boten-24.7.2024-917x2048.png 917w, https:\/\/ilsez-art.de\/wp-content\/uploads\/2025\/03\/Zeitung-Villmarer-Boten-24.7.2024.png 1128w\" sizes=\"auto, (max-width: 458px) 100vw, 458px\" \/><\/a><\/figure>\n\n\n\n<h2 class=\"wp-block-heading\">Villmarer Boten, 3.8.2023<\/h2>\n\n\n\n<figure class=\"wp-block-image size-full\"><a href=\"https:\/\/ilsez-art.de\/wp-content\/uploads\/2023\/08\/Villmarer-Boote-3.8.2023-1.png\"><img loading=\"lazy\" decoding=\"async\" width=\"386\" height=\"499\" src=\"https:\/\/ilsez-art.de\/wp-content\/uploads\/2023\/08\/Villmarer-Boote-3.8.2023-1.png\" alt=\"\" class=\"wp-image-1942\" srcset=\"https:\/\/ilsez-art.de\/wp-content\/uploads\/2023\/08\/Villmarer-Boote-3.8.2023-1.png 386w, https:\/\/ilsez-art.de\/wp-content\/uploads\/2023\/08\/Villmarer-Boote-3.8.2023-1-232x300.png 232w\" sizes=\"auto, (max-width: 386px) 100vw, 386px\" \/><\/a><\/figure>\n\n\n\n<h2 class=\"wp-block-heading\">Villmarer Boten <\/h2>\n\n\n\n<figure class=\"wp-block-image size-large\"><a href=\"https:\/\/ilsez-art.de\/wp-content\/uploads\/2023\/08\/Silhouettenmalerei-Vilmarer-Booten-1-scaled.jpg\"><img loading=\"lazy\" decoding=\"async\" width=\"718\" height=\"1024\" src=\"https:\/\/ilsez-art.de\/wp-content\/uploads\/2023\/08\/Silhouettenmalerei-Vilmarer-Booten-1-718x1024.jpg\" alt=\"\" class=\"wp-image-1941\" srcset=\"https:\/\/ilsez-art.de\/wp-content\/uploads\/2023\/08\/Silhouettenmalerei-Vilmarer-Booten-1-718x1024.jpg 718w, https:\/\/ilsez-art.de\/wp-content\/uploads\/2023\/08\/Silhouettenmalerei-Vilmarer-Booten-1-210x300.jpg 210w, https:\/\/ilsez-art.de\/wp-content\/uploads\/2023\/08\/Silhouettenmalerei-Vilmarer-Booten-1-768x1095.jpg 768w, https:\/\/ilsez-art.de\/wp-content\/uploads\/2023\/08\/Silhouettenmalerei-Vilmarer-Booten-1-1078x1536.jpg 1078w, https:\/\/ilsez-art.de\/wp-content\/uploads\/2023\/08\/Silhouettenmalerei-Vilmarer-Booten-1-1437x2048.jpg 1437w, https:\/\/ilsez-art.de\/wp-content\/uploads\/2023\/08\/Silhouettenmalerei-Vilmarer-Booten-1-scaled.jpg 1796w\" sizes=\"auto, (max-width: 718px) 100vw, 718px\" \/><\/a><\/figure>\n\n\n\n<h2 class=\"wp-block-heading\">Villmarer Zeitung.de &#8211; 11.7.2023<\/h2>\n\n\n\n<p><strong>Sommer, Sonne, Hitze \u2013 und hei\u00dfe Bilder.<\/strong><\/p>\n\n\n\n<figure class=\"wp-block-image size-full\"><a href=\"https:\/\/ilsez-art.de\/wp-content\/uploads\/2023\/07\/Danke-fuer-die-Hilfe-a-2.jpg\"><img loading=\"lazy\" decoding=\"async\" width=\"800\" height=\"515\" src=\"https:\/\/ilsez-art.de\/wp-content\/uploads\/2023\/07\/Danke-fuer-die-Hilfe-a-2.jpg\" alt=\"\" class=\"wp-image-1921\" srcset=\"https:\/\/ilsez-art.de\/wp-content\/uploads\/2023\/07\/Danke-fuer-die-Hilfe-a-2.jpg 800w, https:\/\/ilsez-art.de\/wp-content\/uploads\/2023\/07\/Danke-fuer-die-Hilfe-a-2-300x193.jpg 300w, https:\/\/ilsez-art.de\/wp-content\/uploads\/2023\/07\/Danke-fuer-die-Hilfe-a-2-768x494.jpg 768w\" sizes=\"auto, (max-width: 800px) 100vw, 800px\" \/><\/a><\/figure>\n\n\n\n<p>Gesch\u00fctzt vor der Sonne war der Kreativit\u00e4t keine Grenzen gesetzt<\/p>\n\n\n\n<figure class=\"wp-block-image size-full\"><a href=\"https:\/\/ilsez-art.de\/wp-content\/uploads\/2023\/07\/Die-Malgruppe3-a.jpg\"><img loading=\"lazy\" decoding=\"async\" width=\"800\" height=\"572\" src=\"https:\/\/ilsez-art.de\/wp-content\/uploads\/2023\/07\/Die-Malgruppe3-a.jpg\" alt=\"\" class=\"wp-image-1898\" srcset=\"https:\/\/ilsez-art.de\/wp-content\/uploads\/2023\/07\/Die-Malgruppe3-a.jpg 800w, https:\/\/ilsez-art.de\/wp-content\/uploads\/2023\/07\/Die-Malgruppe3-a-300x215.jpg 300w, https:\/\/ilsez-art.de\/wp-content\/uploads\/2023\/07\/Die-Malgruppe3-a-768x549.jpg 768w\" sizes=\"auto, (max-width: 800px) 100vw, 800px\" \/><\/a><\/figure>\n\n\n\n<p>Stolz pr\u00e4sentieren die kleinen K\u00fcnstler ihre Werke<\/p>\n\n\n\n<p>Sechs&nbsp;kleine K\u00fcnstler(innen) aus Villmar und Umgebung, trotzten am Wochenende den hei\u00dfen Temperaturen und nahmen an einem Malkurs der Generationenhilfe in Villmar teil. Neben Frau Zermann betreute auch Frau Christel Black die Kinder.<br><br>Damit es genug Schatten gab, wurde ein Pavillon aufgestellt. Der Sommer ist zweifellos die sch\u00f6nste Zeit zum Malen. Vielleicht w\u00e4re es aber besser gewesen an diesem Wochenende einen Eisbecher mit Sahne zu malen um die Temperaturen besser ertragen zu k\u00f6nnen, aber die Kinder passten ihre Bilder dem Wetter an. Die Kontraste sind viel st\u00e4rker als in der k\u00fchleren Jahreszeit. Dadurch entstanden sch\u00f6ne Bilder mit Sonnenuntergang oder k\u00fchlen N\u00e4chten mit Vollmond.<\/p>\n\n\n\n<p><br>Die Teilnehmer waren zwischen 6 und 10 Jahren und bekamen einige Fotos als Ideenvorlagen. Das Silhouetten-Thema war so spannend, dass die Kinder fast ohne Pause durch gearbeiteten haben. Dabei mussten sie wegen den hohen Temperaturen (bis 35Grad) sehr schnell malen und auch viel Wasser verwenden, sonst trocknete die Farben am Pinsel. Die Bilder gl\u00fchten durch die warmen Farben und man sp\u00fcrte f\u00f6rmlich die Hitze.<br><br>Als Kontrast zum hei\u00dfen Sommertag wurden auch Bilder vom Mond gemalt. Das Motiv Mond sorgte f\u00fcr beeindruckende Silhouetten-Bilder mit Wolf und Elfen. Am Ende des Wochenend- seminars waren die kleinen Maler und Malerinnen mit ihren Bildern sehr zufrieden und bekamen&nbsp; von Frau Zermann ein Eis zur Belohnung. Um 17 Uhr wurden die Kinder von ihren Eltern abgeholt. Diese&nbsp;staunten nicht schlecht \u00fcber die sch\u00f6nen Bilder und \u00fcber die Leistung der Kinder. Allen Kindern&nbsp;hat es Spa\u00df gemacht und sie w\u00fcnschten sich eine Fortsetzung im n\u00e4chstes Jahr.&nbsp;<\/p>\n\n\n\n<figure class=\"wp-block-image size-full\"><a href=\"https:\/\/ilsez-art.de\/wp-content\/uploads\/2023\/07\/image.png\"><img loading=\"lazy\" decoding=\"async\" width=\"945\" height=\"456\" src=\"https:\/\/ilsez-art.de\/wp-content\/uploads\/2023\/07\/image.png\" alt=\"\" class=\"wp-image-1922\" srcset=\"https:\/\/ilsez-art.de\/wp-content\/uploads\/2023\/07\/image.png 945w, https:\/\/ilsez-art.de\/wp-content\/uploads\/2023\/07\/image-300x145.png 300w, https:\/\/ilsez-art.de\/wp-content\/uploads\/2023\/07\/image-768x371.png 768w\" sizes=\"auto, (max-width: 945px) 100vw, 945px\" \/><\/a><\/figure>\n\n\n\n<h2 class=\"wp-block-heading\">Nassauer Neue Presse &#8211; 14.6.2023<\/h2>\n\n\n\n<figure class=\"wp-block-image size-large\"><a href=\"https:\/\/ilsez-art.de\/wp-content\/uploads\/2023\/06\/Regenbogen-u.-Zauberbaum.jpg\"><img loading=\"lazy\" decoding=\"async\" width=\"918\" height=\"1024\" src=\"https:\/\/ilsez-art.de\/wp-content\/uploads\/2023\/06\/Regenbogen-u.-Zauberbaum-918x1024.jpg\" alt=\"\" class=\"wp-image-1860\" srcset=\"https:\/\/ilsez-art.de\/wp-content\/uploads\/2023\/06\/Regenbogen-u.-Zauberbaum-918x1024.jpg 918w, https:\/\/ilsez-art.de\/wp-content\/uploads\/2023\/06\/Regenbogen-u.-Zauberbaum-269x300.jpg 269w, https:\/\/ilsez-art.de\/wp-content\/uploads\/2023\/06\/Regenbogen-u.-Zauberbaum-768x857.jpg 768w, https:\/\/ilsez-art.de\/wp-content\/uploads\/2023\/06\/Regenbogen-u.-Zauberbaum-1377x1536.jpg 1377w, https:\/\/ilsez-art.de\/wp-content\/uploads\/2023\/06\/Regenbogen-u.-Zauberbaum.jpg 1478w\" sizes=\"auto, (max-width: 918px) 100vw, 918px\" \/><\/a><\/figure>\n\n\n\n<figure class=\"wp-block-gallery has-nested-images columns-default is-cropped wp-block-gallery-2 is-layout-flex wp-block-gallery-is-layout-flex\">\n<figure class=\"wp-block-image size-large\"><a href=\"https:\/\/ilsez-art.de\/wp-content\/uploads\/2023\/06\/20230611_163401-scaled.jpg\"><img loading=\"lazy\" decoding=\"async\" width=\"768\" height=\"1024\" data-id=\"1874\" src=\"https:\/\/ilsez-art.de\/wp-content\/uploads\/2023\/06\/20230611_163401-768x1024.jpg\" alt=\"\" class=\"wp-image-1874\" srcset=\"https:\/\/ilsez-art.de\/wp-content\/uploads\/2023\/06\/20230611_163401-768x1024.jpg 768w, https:\/\/ilsez-art.de\/wp-content\/uploads\/2023\/06\/20230611_163401-225x300.jpg 225w, https:\/\/ilsez-art.de\/wp-content\/uploads\/2023\/06\/20230611_163401-1152x1536.jpg 1152w, https:\/\/ilsez-art.de\/wp-content\/uploads\/2023\/06\/20230611_163401-1536x2048.jpg 1536w, https:\/\/ilsez-art.de\/wp-content\/uploads\/2023\/06\/20230611_163401-scaled.jpg 1920w\" sizes=\"auto, (max-width: 768px) 100vw, 768px\" \/><\/a><\/figure>\n\n\n\n<figure class=\"wp-block-image size-large\"><a href=\"https:\/\/ilsez-art.de\/wp-content\/uploads\/2023\/06\/20230611_164334-scaled.jpg\"><img loading=\"lazy\" decoding=\"async\" width=\"1024\" height=\"768\" data-id=\"1875\" src=\"https:\/\/ilsez-art.de\/wp-content\/uploads\/2023\/06\/20230611_164334-1024x768.jpg\" alt=\"\" class=\"wp-image-1875\" srcset=\"https:\/\/ilsez-art.de\/wp-content\/uploads\/2023\/06\/20230611_164334-1024x768.jpg 1024w, https:\/\/ilsez-art.de\/wp-content\/uploads\/2023\/06\/20230611_164334-300x225.jpg 300w, https:\/\/ilsez-art.de\/wp-content\/uploads\/2023\/06\/20230611_164334-768x576.jpg 768w, https:\/\/ilsez-art.de\/wp-content\/uploads\/2023\/06\/20230611_164334-1536x1152.jpg 1536w, https:\/\/ilsez-art.de\/wp-content\/uploads\/2023\/06\/20230611_164334-2048x1536.jpg 2048w\" sizes=\"auto, (max-width: 1024px) 100vw, 1024px\" \/><\/a><\/figure>\n<\/figure>\n\n\n\n<h2 class=\"wp-block-heading\">Weilburger Tageblatt &#8211; August 2022<\/h2>\n\n\n\n<figure class=\"wp-block-image size-large\"><a href=\"https:\/\/ilsez-art.de\/wp-content\/uploads\/2022\/12\/NNP-2-scaled.jpg\"><img loading=\"lazy\" decoding=\"async\" width=\"1024\" height=\"777\" src=\"https:\/\/ilsez-art.de\/wp-content\/uploads\/2022\/12\/NNP-2-1024x777.jpg\" alt=\"\" class=\"wp-image-1774\" srcset=\"https:\/\/ilsez-art.de\/wp-content\/uploads\/2022\/12\/NNP-2-1024x777.jpg 1024w, https:\/\/ilsez-art.de\/wp-content\/uploads\/2022\/12\/NNP-2-300x228.jpg 300w, https:\/\/ilsez-art.de\/wp-content\/uploads\/2022\/12\/NNP-2-768x583.jpg 768w, https:\/\/ilsez-art.de\/wp-content\/uploads\/2022\/12\/NNP-2-1536x1166.jpg 1536w, https:\/\/ilsez-art.de\/wp-content\/uploads\/2022\/12\/NNP-2-2048x1554.jpg 2048w\" sizes=\"auto, (max-width: 1024px) 100vw, 1024px\" \/><\/a><\/figure>\n\n\n\n<h2 class=\"wp-block-heading\">Nassauer Neue Presse &#8211; August 2022<\/h2>\n\n\n\n<figure class=\"wp-block-image size-large\"><a href=\"https:\/\/ilsez-art.de\/wp-content\/uploads\/2022\/12\/Weilburger-Tageblatt-2-scaled.jpg\"><img loading=\"lazy\" decoding=\"async\" width=\"629\" height=\"1024\" src=\"https:\/\/ilsez-art.de\/wp-content\/uploads\/2022\/12\/Weilburger-Tageblatt-2-629x1024.jpg\" alt=\"\" class=\"wp-image-1775\" srcset=\"https:\/\/ilsez-art.de\/wp-content\/uploads\/2022\/12\/Weilburger-Tageblatt-2-629x1024.jpg 629w, https:\/\/ilsez-art.de\/wp-content\/uploads\/2022\/12\/Weilburger-Tageblatt-2-184x300.jpg 184w, https:\/\/ilsez-art.de\/wp-content\/uploads\/2022\/12\/Weilburger-Tageblatt-2-768x1251.jpg 768w, https:\/\/ilsez-art.de\/wp-content\/uploads\/2022\/12\/Weilburger-Tageblatt-2-943x1536.jpg 943w, https:\/\/ilsez-art.de\/wp-content\/uploads\/2022\/12\/Weilburger-Tageblatt-2-1257x2048.jpg 1257w, https:\/\/ilsez-art.de\/wp-content\/uploads\/2022\/12\/Weilburger-Tageblatt-2-scaled.jpg 1572w\" sizes=\"auto, (max-width: 629px) 100vw, 629px\" \/><\/a><\/figure>\n\n\n\n<h2 class=\"wp-block-heading\">Villmar Bote &#8211; Juli 2022<\/h2>\n\n\n\n<figure class=\"wp-block-image size-large\"><a href=\"https:\/\/ilsez-art.de\/wp-content\/uploads\/2022\/12\/20220831_110721-a-scaled.jpg\"><img loading=\"lazy\" decoding=\"async\" width=\"603\" height=\"1024\" src=\"https:\/\/ilsez-art.de\/wp-content\/uploads\/2022\/12\/20220831_110721-a-603x1024.jpg\" alt=\"\" class=\"wp-image-1776\" srcset=\"https:\/\/ilsez-art.de\/wp-content\/uploads\/2022\/12\/20220831_110721-a-603x1024.jpg 603w, https:\/\/ilsez-art.de\/wp-content\/uploads\/2022\/12\/20220831_110721-a-177x300.jpg 177w, https:\/\/ilsez-art.de\/wp-content\/uploads\/2022\/12\/20220831_110721-a-768x1304.jpg 768w, https:\/\/ilsez-art.de\/wp-content\/uploads\/2022\/12\/20220831_110721-a-905x1536.jpg 905w, https:\/\/ilsez-art.de\/wp-content\/uploads\/2022\/12\/20220831_110721-a-1206x2048.jpg 1206w, https:\/\/ilsez-art.de\/wp-content\/uploads\/2022\/12\/20220831_110721-a-scaled.jpg 1508w\" sizes=\"auto, (max-width: 603px) 100vw, 603px\" \/><\/a><\/figure>\n\n\n<p><a href=\"https:\/\/ilsez-art.de\/wp-content\/uploads\/2015\/02\/30.1.2015-Nassauer-Neue-Presse.pdf\" target=\"_blank\" rel=\"noopener\">2015.01.30 Nassauer Neue Presse<\/a><\/p>\n<p><a href=\"https:\/\/ilsez-art.de\/wp-content\/uploads\/2015\/02\/27.1.2015-Nassauer-Tageblatt.pdf\" target=\"_blank\" rel=\"noopener\">2015.01.27 Nassauer Tageblatt<\/a><\/p>\n<p><a href=\"https:\/\/ilsez-art.de\/wp-content\/uploads\/2014\/11\/2014.04.14-Taunus-Zeitung.pdf\" target=\"_blank\" rel=\"noopener\">2014.04.14 Taunus-Zeitung<\/a><\/p>\n<p><a href=\"https:\/\/ilsez-art.de\/wp-content\/uploads\/2014\/11\/2012.02.22-Wetterauer-Wochen-Bote.pdf\" target=\"_blank\" rel=\"noopener\">2012.02.22 Wetterauer Wochen-Bote<\/a><\/p>\n<p><a href=\"https:\/\/ilsez-art.de\/wp-content\/uploads\/2014\/11\/2011.08.27-Nassauer-Neue-Presse.pdf\" target=\"_blank\" rel=\"noopener\">2011.08.27 Nassauer Neue Presse<\/a><\/p>\n<p><a href=\"https:\/\/ilsez-art.de\/wp-content\/uploads\/2014\/11\/2011.08-Camberger-Anzeiger.pdf\" target=\"_blank\" rel=\"noopener\">2011.08 Camberger Anzeiger<\/a><\/p>\n<p><a href=\"https:\/\/ilsez-art.de\/wp-content\/uploads\/2014\/11\/2011.01.12-Lokalanzeiger-Kostheim.pdf\" target=\"_blank\" rel=\"noopener\">2011.01.12 Lokalanzeiger Kostheim<\/a><\/p>\n<p><a href=\"https:\/\/ilsez-art.de\/wp-content\/uploads\/2014\/11\/2010.12.08-Kaffeekunst-in-der-Kaffeer\u00f6sterei-Kastel.pdf\" target=\"_blank\" rel=\"noopener\">2010.12.08 Kaffeekunst in der Kaffeer\u00f6sterei Kastel<\/a><\/p>\n<p><a href=\"https:\/\/ilsez-art.de\/wp-content\/uploads\/2014\/11\/2010.11.11-Nassauische-Neue-Presse.pdf\" target=\"_blank\" rel=\"noopener\">2010.11.11 Nassauische Neue Presse<\/a><\/p>\n<p><a href=\"https:\/\/ilsez-art.de\/wp-content\/uploads\/2014\/11\/2010.10-Usinger-Tageblatt.pdf\" target=\"_blank\" rel=\"noopener\">2010.10 Usinger Tageblatt<\/a><\/p>\n<p><a href=\"https:\/\/ilsez-art.de\/wp-content\/uploads\/2014\/11\/2010.03.09.-Limburg-Weilburg-erleben.pdf\" target=\"_blank\" rel=\"noopener\">2010.03.09. Limburg Weilburg erleben<\/a><\/p>\n<p><a href=\"https:\/\/ilsez-art.de\/wp-content\/uploads\/2014\/11\/2010.02.12Limburg-Weilburg-erleben.pdf\" target=\"_blank\" rel=\"noopener\">2010.02.12Limburg Weilburg erleben<\/a><\/p>\n<p><a href=\"https:\/\/ilsez-art.de\/wp-content\/uploads\/2014\/11\/2009.09.07-Nassauische-Neue-Presse.pdf\" target=\"_blank\" rel=\"noopener\">2009.09.07 Nassauische Neue Presse<\/a><\/p>\n<p><a href=\"https:\/\/ilsez-art.de\/wp-content\/uploads\/2014\/11\/2009.04-Nassauische-Neue-Presse.pdf\" target=\"_blank\" rel=\"noopener\">2009.04 Nassauische Neue Presse<\/a><\/p>\n<p><a href=\"https:\/\/ilsez-art.de\/wp-content\/uploads\/2014\/11\/1996.05.15-Kreissparkasse-Weilburg.pdf\" target=\"_blank\" rel=\"noopener\">1996.05.15 Kreissparkasse Weilburg<\/a><\/p>","protected":false},"excerpt":{"rendered":"<p>Villmarer Boten &#8211; 24.7.2025 Villmarer Boten, 3.8.2023 Villmarer Boten Villmarer Zeitung.de &#8211; 11.7.2023 Sommer, Sonne, Hitze \u2013 und hei\u00dfe Bilder. Gesch\u00fctzt vor der Sonne war der Kreativit\u00e4t keine Grenzen gesetzt Stolz pr\u00e4sentieren die kleinen K\u00fcnstler ihre Werke Sechs&nbsp;kleine K\u00fcnstler(innen) aus Villmar und Umgebung, trotzten am Wochenende den hei\u00dfen Temperaturen und nahmen an einem Malkurs der &hellip; <a href=\"https:\/\/ilsez-art.de\/?page_id=103\" class=\"more-link\"><span class=\"screen-reader-text\">Presse<\/span> weiterlesen <span class=\"meta-nav\">&rarr;<\/span><\/a><\/p>\n","protected":false},"author":1,"featured_media":0,"parent":0,"menu_order":0,"comment_status":"closed","ping_status":"closed","template":"","meta":{"ngg_post_thumbnail":0,"footnotes":""},"class_list":["post-103","page","type-page","status-publish","hentry"],"_links":{"self":[{"href":"https:\/\/ilsez-art.de\/index.php?rest_route=\/wp\/v2\/pages\/103","targetHints":{"allow":["GET"]}}],"collection":[{"href":"https:\/\/ilsez-art.de\/index.php?rest_route=\/wp\/v2\/pages"}],"about":[{"href":"https:\/\/ilsez-art.de\/index.php?rest_route=\/wp\/v2\/types\/page"}],"author":[{"embeddable":true,"href":"https:\/\/ilsez-art.de\/index.php?rest_route=\/wp\/v2\/users\/1"}],"replies":[{"embeddable":true,"href":"https:\/\/ilsez-art.de\/index.php?rest_route=%2Fwp%2Fv2%2Fcomments&post=103"}],"version-history":[{"count":21,"href":"https:\/\/ilsez-art.de\/index.php?rest_route=\/wp\/v2\/pages\/103\/revisions"}],"predecessor-version":[{"id":2430,"href":"https:\/\/ilsez-art.de\/index.php?rest_route=\/wp\/v2\/pages\/103\/revisions\/2430"}],"wp:attachment":[{"href":"https:\/\/ilsez-art.de\/index.php?rest_route=%2Fwp%2Fv2%2Fmedia&parent=103"}],"curies":[{"name":"wp","href":"https:\/\/api.w.org\/{rel}","templated":true}]}}